{"id":80,"date":"2015-10-19T23:06:16","date_gmt":"2015-10-19T21:06:16","guid":{"rendered":"http:\/\/www.grundschule-herkenrath.de\/hp\/?page_id=80"},"modified":"2024-09-04T14:24:05","modified_gmt":"2024-09-04T12:24:05","slug":"kollegium","status":"publish","type":"page","link":"https:\/\/www.grundschule-herkenrath.de\/hp\/team-2\/kollegium\/","title":{"rendered":"Kollegium"},"content":{"rendered":"<p><img loading=\"lazy\" decoding=\"async\" class=\"size-full wp-image-2068 alignleft\" src=\"https:\/\/www.grundschule-herkenrath.de\/hp\/wp-content\/uploads\/2020\/01\/Lehrerin.jpg\" alt=\"\" width=\"240\" height=\"312\" \/>Unser Kollegium besteht aus dem Schulleitungsteam, zw\u00f6lf Kolleginnen und Kollegen, davon einen Sozialp\u00e4dagogen und einen Sonderp\u00e4dagogen.<\/p>\n","protected":false},"excerpt":{"rendered":"<p>Unser Kollegium besteht aus dem Schulleitungsteam, zw\u00f6lf Kolleginnen und Kollegen, davon einen Sozialp\u00e4dagogen und einen Sonderp\u00e4dagogen.<\/p>\n","protected":false},"author":1,"featured_media":0,"parent":76,"menu_order":0,"comment_status":"closed","ping_status":"closed","template":"","meta":{"footnotes":""},"class_list":["post-80","page","type-page","status-publish","hentry"],"_links":{"self":[{"href":"https:\/\/www.grundschule-herkenrath.de\/hp\/wp-json\/wp\/v2\/pages\/80","targetHints":{"allow":["GET"]}}],"collection":[{"href":"https:\/\/www.grundschule-herkenrath.de\/hp\/wp-json\/wp\/v2\/pages"}],"about":[{"href":"https:\/\/www.grundschule-herkenrath.de\/hp\/wp-json\/wp\/v2\/types\/page"}],"author":[{"embeddable":true,"href":"https:\/\/www.grundschule-herkenrath.de\/hp\/wp-json\/wp\/v2\/users\/1"}],"replies":[{"embeddable":true,"href":"https:\/\/www.grundschule-herkenrath.de\/hp\/wp-json\/wp\/v2\/comments?post=80"}],"version-history":[{"count":10,"href":"https:\/\/www.grundschule-herkenrath.de\/hp\/wp-json\/wp\/v2\/pages\/80\/revisions"}],"predecessor-version":[{"id":3064,"href":"https:\/\/www.grundschule-herkenrath.de\/hp\/wp-json\/wp\/v2\/pages\/80\/revisions\/3064"}],"up":[{"embeddable":true,"href":"https:\/\/www.grundschule-herkenrath.de\/hp\/wp-json\/wp\/v2\/pages\/76"}],"wp:attachment":[{"href":"https:\/\/www.grundschule-herkenrath.de\/hp\/wp-json\/wp\/v2\/media?parent=80"}],"curies":[{"name":"wp","href":"https:\/\/api.w.org\/{rel}","templated":true}]}}