{"id":726,"date":"2016-03-17T20:14:47","date_gmt":"2016-03-17T19:14:47","guid":{"rendered":"http:\/\/www.grundschule-herkenrath.de\/hp\/?page_id=726"},"modified":"2024-02-07T18:52:08","modified_gmt":"2024-02-07T17:52:08","slug":"schach-ag","status":"publish","type":"page","link":"https:\/\/www.grundschule-herkenrath.de\/hp\/kollegium\/schach-ag\/","title":{"rendered":"Schach-AG"},"content":{"rendered":"<p><img loading=\"lazy\" decoding=\"async\" class=\" wp-image-710 alignright\" src=\"https:\/\/www.grundschule-herkenrath.de\/hp\/wp-content\/uploads\/2016\/03\/GGS-SchachAG-580x435.jpg\" alt=\"GGS-SchachAG\" width=\"316\" height=\"237\" srcset=\"https:\/\/www.grundschule-herkenrath.de\/hp\/wp-content\/uploads\/2016\/03\/GGS-SchachAG-580x435.jpg 580w, https:\/\/www.grundschule-herkenrath.de\/hp\/wp-content\/uploads\/2016\/03\/GGS-SchachAG-624x468.jpg 624w, https:\/\/www.grundschule-herkenrath.de\/hp\/wp-content\/uploads\/2016\/03\/GGS-SchachAG.jpg 640w\" sizes=\"auto, (max-width: 316px) 100vw, 316px\" \/>Wir Kinder aus den dritten und vierten Schuljahren treffen uns jeden Dienstag von 13.15 bis 14.00 Uhr im Klassenraum der Fischklasse. Zun\u00e4chst lernen wir die einzelnen Figuren, deren Z\u00fcge und die richtige Aufstellung auf dem Brett kennen. Dann folgen verschiedene Er\u00f6ffnungen und Sonderz\u00fcge, wie die &#8222;Rochade&#8220; oder &#8222;en passant&#8220;.<br \/>\nDoch am wichtigsten ist, dass wir viel mit- und gegeneinander spielen \u2013 das ist die beste \u00dcbung und macht am meisten Spa\u00df!<\/p>\n","protected":false},"excerpt":{"rendered":"<p>Wir Kinder aus den dritten und vierten Schuljahren treffen uns jeden Dienstag von 13.15 bis 14.00 Uhr im Klassenraum der Fischklasse. Zun\u00e4chst lernen wir die einzelnen Figuren, deren Z\u00fcge und die richtige Aufstellung auf dem Brett kennen. Dann folgen verschiedene Er\u00f6ffnungen und Sonderz\u00fcge, wie die &#8222;Rochade&#8220; oder &#8222;en passant&#8220;. Doch am wichtigsten ist, dass wir [&hellip;]<\/p>\n","protected":false},"author":3,"featured_media":0,"parent":20,"menu_order":0,"comment_status":"closed","ping_status":"closed","template":"","meta":{"footnotes":""},"class_list":["post-726","page","type-page","status-publish","hentry"],"_links":{"self":[{"href":"https:\/\/www.grundschule-herkenrath.de\/hp\/wp-json\/wp\/v2\/pages\/726","targetHints":{"allow":["GET"]}}],"collection":[{"href":"https:\/\/www.grundschule-herkenrath.de\/hp\/wp-json\/wp\/v2\/pages"}],"about":[{"href":"https:\/\/www.grundschule-herkenrath.de\/hp\/wp-json\/wp\/v2\/types\/page"}],"author":[{"embeddable":true,"href":"https:\/\/www.grundschule-herkenrath.de\/hp\/wp-json\/wp\/v2\/users\/3"}],"replies":[{"embeddable":true,"href":"https:\/\/www.grundschule-herkenrath.de\/hp\/wp-json\/wp\/v2\/comments?post=726"}],"version-history":[{"count":6,"href":"https:\/\/www.grundschule-herkenrath.de\/hp\/wp-json\/wp\/v2\/pages\/726\/revisions"}],"predecessor-version":[{"id":2930,"href":"https:\/\/www.grundschule-herkenrath.de\/hp\/wp-json\/wp\/v2\/pages\/726\/revisions\/2930"}],"up":[{"embeddable":true,"href":"https:\/\/www.grundschule-herkenrath.de\/hp\/wp-json\/wp\/v2\/pages\/20"}],"wp:attachment":[{"href":"https:\/\/www.grundschule-herkenrath.de\/hp\/wp-json\/wp\/v2\/media?parent=726"}],"curies":[{"name":"wp","href":"https:\/\/api.w.org\/{rel}","templated":true}]}}