{"id":66,"date":"2015-10-19T18:48:54","date_gmt":"2015-10-19T16:48:54","guid":{"rendered":"http:\/\/www.grundschule-herkenrath.de\/hp\/?page_id=66"},"modified":"2016-03-08T20:47:15","modified_gmt":"2016-03-08T19:47:15","slug":"forscherlabor","status":"publish","type":"page","link":"https:\/\/www.grundschule-herkenrath.de\/hp\/kollegium\/forscherlabor\/","title":{"rendered":"Forscherlabor"},"content":{"rendered":"<p><img loading=\"lazy\" decoding=\"async\" class=\"wp-image-519 alignright\" src=\"https:\/\/www.grundschule-herkenrath.de\/hp\/wp-content\/uploads\/2015\/10\/GGS-Forscherlabor-4-580x435.jpg\" alt=\"GGS - Forscherlabor  (4)\" width=\"317\" height=\"238\" srcset=\"https:\/\/www.grundschule-herkenrath.de\/hp\/wp-content\/uploads\/2015\/10\/GGS-Forscherlabor-4-580x435.jpg 580w, https:\/\/www.grundschule-herkenrath.de\/hp\/wp-content\/uploads\/2015\/10\/GGS-Forscherlabor-4-624x468.jpg 624w, https:\/\/www.grundschule-herkenrath.de\/hp\/wp-content\/uploads\/2015\/10\/GGS-Forscherlabor-4.jpg 640w\" sizes=\"auto, (max-width: 317px) 100vw, 317px\" \/>Seit Ende des Schuljahres 2008\/2009 verf\u00fcgt unsere Schule \u00fcber ein Forscherlabor. Dies ist ein umgestalteter Klassenraum mit vielen Regalen, Schr\u00e4nken und Stauk\u00e4sten, die mit zahlreichen Versuchsmaterialien zu naturwissenschaftlichen Themen gef\u00fcllt sind, und der Platz f\u00fcr eine gesamte Klasse bietet. Dieser Raum ist insbesondere f\u00fcr den naturwissenschaftlichen Sachunterricht ausgestattet, wird aber auch f\u00fcr verschiedene Schulprojekte, naturwissenschaftliche Tage, F\u00f6rderunterricht und Forscher-AGs genutzt.<br \/>\n<img loading=\"lazy\" decoding=\"async\" class=\"wp-image-518 alignleft\" src=\"https:\/\/www.grundschule-herkenrath.de\/hp\/wp-content\/uploads\/2015\/10\/GGS-Forscherlabor-3.jpg\" alt=\"GGS - Forscherlabor  (3)\" width=\"192\" height=\"167\" \/>Besonders intensiv wird unser Forscherlabor von allen vier Klassenstufen w\u00e4hrend der Durchf\u00fchrung der Experimente des TuWaS!-Projektes genutzt. Durch die Teilnahme an dem TuWaS! Projekt, erh\u00e4lt die Schule\u00a0 Experimentierkisten, die mit umfassenden\u00a0 Versuchsmaterialien zu verschiedenen Themen wie z. B. Festk\u00f6rper und Fl\u00fcssigkeiten, Bauen und Konstruieren, Wetter, Schmetterlinge, Strom und Ver\u00e4nderungen enthalten. Sie werden der jeweiligen Klassenstufe entsprechend eingesetzt und erm\u00f6glichen es den Sch\u00fclern, sich \u00fcber mehrere Wochen intensiv und selbstt\u00e4tig mit einem der Themen auseinanderzusetzen.<\/p>\n<p><img loading=\"lazy\" decoding=\"async\" class=\" wp-image-517 alignright\" src=\"https:\/\/www.grundschule-herkenrath.de\/hp\/wp-content\/uploads\/2015\/10\/GGS-Forscherlabor-2.jpg\" alt=\"GGS - Forscherlabor  (2)\" width=\"282\" height=\"186\" \/>Ziele unseres Forscherlabors:<br \/>\nDas Forscherlabor, ausgestattet mit verschiedenen Laborger\u00e4ten und Labormaterialien, naturwissenschaftlichen Modellen, Plakaten und anderen Unterrichtsmedien, soll den Kindern\u00a0 helfen, einen Einblick in die spannende und faszinierende Welt der Natur und Technik zu erhalten. Durch dieses Labor steht unserer Schule ein spezieller Raum zur Verf\u00fcgung, in dem Antworten auf unterschiedliche Fragen zur Natur und Umwelt selbstt\u00e4tig erforscht werden k\u00f6nnen. So bekommen die Kinder eine Chance, in die Fu\u00dfstapfen gro\u00dfer Forscherinnen und Forscher, Entdeckerinnen und Entdecker zu treten. Mit Hilfe des Forscherlabors soll die Neugier und das Interesse der Kinder an naturwissenschaftlichen Ph\u00e4nomenen und Fragestellungen geweckt, gef\u00f6rdert und ernst genommen werden.<\/p>\n<p><img loading=\"lazy\" decoding=\"async\" class=\"wp-image-516 alignleft\" src=\"https:\/\/www.grundschule-herkenrath.de\/hp\/wp-content\/uploads\/2015\/10\/GGS-Forscherlabor-1-580x340.jpg\" alt=\"GGS - Forscherlabor  (1)\" width=\"306\" height=\"179\" srcset=\"https:\/\/www.grundschule-herkenrath.de\/hp\/wp-content\/uploads\/2015\/10\/GGS-Forscherlabor-1-580x340.jpg 580w, https:\/\/www.grundschule-herkenrath.de\/hp\/wp-content\/uploads\/2015\/10\/GGS-Forscherlabor-1-624x366.jpg 624w, https:\/\/www.grundschule-herkenrath.de\/hp\/wp-content\/uploads\/2015\/10\/GGS-Forscherlabor-1.jpg 640w\" sizes=\"auto, (max-width: 306px) 100vw, 306px\" \/>Zielsetzung des <a href=\"http:\/\/www.tuwas-deutschland.de\/start.html\" target=\"_blank\">TuWaS!<\/a> Projektes:<br \/>\nSchon im Grundschulalter die Begeisterung f\u00fcr Technik und Naturwissenschaften zu wecken &#8211; das ist das Ziel des Projekts &#8222;TuWaS!&#8220;, Technik und Naturwissenschaften an Schulen. &#8222;TuWaS!&#8220; f\u00fchrt Grundschulkinder spielerisch an naturwissenschaftliche und technische Fragen heran. Denn Sch\u00fcler, die bereits im Grundschulalter Interesse f\u00fcr diese Themen entwickeln k\u00f6nnen, sind sp\u00e4ter offener f\u00fcr technisch gepr\u00e4gte Ausbildungsberufe oder ingenieurwissenschaftliche Studieng\u00e4nge.<\/p>\n","protected":false},"excerpt":{"rendered":"<p>Seit Ende des Schuljahres 2008\/2009 verf\u00fcgt unsere Schule \u00fcber ein Forscherlabor. Dies ist ein umgestalteter Klassenraum mit vielen Regalen, Schr\u00e4nken und Stauk\u00e4sten, die mit zahlreichen Versuchsmaterialien zu naturwissenschaftlichen Themen gef\u00fcllt sind, und der Platz f\u00fcr eine gesamte Klasse bietet. Dieser Raum ist insbesondere f\u00fcr den naturwissenschaftlichen Sachunterricht ausgestattet, wird aber auch f\u00fcr verschiedene Schulprojekte, naturwissenschaftliche [&hellip;]<\/p>\n","protected":false},"author":1,"featured_media":0,"parent":20,"menu_order":0,"comment_status":"closed","ping_status":"closed","template":"","meta":{"footnotes":""},"class_list":["post-66","page","type-page","status-publish","hentry"],"_links":{"self":[{"href":"https:\/\/www.grundschule-herkenrath.de\/hp\/wp-json\/wp\/v2\/pages\/66","targetHints":{"allow":["GET"]}}],"collection":[{"href":"https:\/\/www.grundschule-herkenrath.de\/hp\/wp-json\/wp\/v2\/pages"}],"about":[{"href":"https:\/\/www.grundschule-herkenrath.de\/hp\/wp-json\/wp\/v2\/types\/page"}],"author":[{"embeddable":true,"href":"https:\/\/www.grundschule-herkenrath.de\/hp\/wp-json\/wp\/v2\/users\/1"}],"replies":[{"embeddable":true,"href":"https:\/\/www.grundschule-herkenrath.de\/hp\/wp-json\/wp\/v2\/comments?post=66"}],"version-history":[{"count":4,"href":"https:\/\/www.grundschule-herkenrath.de\/hp\/wp-json\/wp\/v2\/pages\/66\/revisions"}],"predecessor-version":[{"id":520,"href":"https:\/\/www.grundschule-herkenrath.de\/hp\/wp-json\/wp\/v2\/pages\/66\/revisions\/520"}],"up":[{"embeddable":true,"href":"https:\/\/www.grundschule-herkenrath.de\/hp\/wp-json\/wp\/v2\/pages\/20"}],"wp:attachment":[{"href":"https:\/\/www.grundschule-herkenrath.de\/hp\/wp-json\/wp\/v2\/media?parent=66"}],"curies":[{"name":"wp","href":"https:\/\/api.w.org\/{rel}","templated":true}]}}