{"id":464,"date":"2016-06-17T10:38:21","date_gmt":"2016-06-17T08:38:21","guid":{"rendered":"http:\/\/www.grundschule-herkenrath.de\/hp\/?page_id=464"},"modified":"2021-09-02T19:40:02","modified_gmt":"2021-09-02T17:40:02","slug":"sposoren","status":"publish","type":"page","link":"https:\/\/www.grundschule-herkenrath.de\/hp\/foerderverein\/sposoren\/","title":{"rendered":"Termine"},"content":{"rendered":"<hr \/>\n<p><img loading=\"lazy\" decoding=\"async\" class=\"wp-image-877 aligncenter\" src=\"https:\/\/www.grundschule-herkenrath.de\/hp\/wp-content\/uploads\/2016\/06\/FV-Danke-2-Fotolia_93144537_XS.jpg\" alt=\"Kinderschrift Danke\" width=\"425\" height=\"80\" srcset=\"https:\/\/www.grundschule-herkenrath.de\/hp\/wp-content\/uploads\/2016\/06\/FV-Danke-2-Fotolia_93144537_XS.jpg 798w, https:\/\/www.grundschule-herkenrath.de\/hp\/wp-content\/uploads\/2016\/06\/FV-Danke-2-Fotolia_93144537_XS-580x109.jpg 580w, https:\/\/www.grundschule-herkenrath.de\/hp\/wp-content\/uploads\/2016\/06\/FV-Danke-2-Fotolia_93144537_XS-768x144.jpg 768w, https:\/\/www.grundschule-herkenrath.de\/hp\/wp-content\/uploads\/2016\/06\/FV-Danke-2-Fotolia_93144537_XS-624x117.jpg 624w\" sizes=\"auto, (max-width: 425px) 100vw, 425px\" \/><\/p>\n<p><span style=\"text-decoration: underline;\"><strong>Termine und Verranstaltungen 2021<\/strong><\/span><\/p>\n<ul>\n<li>Auch in diesem Jahr k\u00f6nnen coronabedingt bis auf<br \/>\nWeiteres leider keine Aktivit\u00e4ten stattfinden.<\/li>\n<\/ul>\n<p><span style=\"text-decoration: underline;\"><strong>Termine und Veranstaltungen 2020<\/strong><\/span><\/p>\n<ul>\n<li>Dieses Jahr k\u00f6nnen coronabedingt bis auf<br \/>\nWeiteres leider keine Aktivit\u00e4ten stattfinden.<\/li>\n<\/ul>\n<p><strong><u>Termine und Veranstaltungen 2019<\/u><\/strong><\/p>\n<ul>\n<li><strong>18. Dezember: <\/strong>Um 17 Uhr singt der Schulchor unter Leitung von Frau Bittner. Das Weihnachtskonzert findet in der St. Antonius Abbas Kirche um 17 Uhr statt. Der Eintritt ist frei, Spenden zugunsten des F\u00f6rdervereins sind erbeten. Es besteht auch die M\u00f6glichkeit die Chor-CD zu erwerben f\u00fcr 10\u20ac.<\/li>\n<li><strong>7. November: <\/strong>In den Klassenr\u00e4umen der Grundschule findet von 17-19 Uhr die Laternenausstellung statt- alle Interessierten sind herzlich eingeladen. Auf dem Schulhof werden in gem\u00fctlicher Atmosph\u00e4re warme Getr\u00e4nke und W\u00fcrstchen angeboten.<\/li>\n<\/ul>\n<p><img loading=\"lazy\" decoding=\"async\" class=\"size-full wp-image-876 aligncenter\" src=\"https:\/\/www.grundschule-herkenrath.de\/hp\/wp-content\/uploads\/2016\/06\/FV-Danke-1-Fotolia_91858763_XS.jpg\" alt=\"\" width=\"424\" height=\"283\" \/><\/p>\n<ul>\n<li><strong>29. August<\/strong>: Einschulung Schulneulinge 10 Uhr Aula. Der F\u00f6rderverein sorgt wieder mit f\u00fcr einen feierlichen Rahmen.<\/li>\n<\/ul>\n<ul>\n<li><strong> 10. Juli<\/strong>: Sommerkonzert Schulchor in der Kirche St. Antonius Abbas um 17 Uhr- Eintritt frei, Spenden erbeten. Chor-CD`s k\u00f6nnen gekauft werden!<\/li>\n<li><strong> 18. Mai<\/strong>: Projekttag \u201eStarke und gesunde Kinder\u201c auf dem Sportplatz und der Sporthalle am Braunsberg von 9-12.30 Uhr. Das Team Netzwerk Rheinland gibt Tipps f\u00fcr einen kontrollierten Umgang der Kinder mit dem Internet. Die Kosten hierf\u00fcr \u00fcbernimmt die VR Bank. Der F\u00f6rderverein bedankt sich f\u00fcr die zweckgebundene Spende in H\u00f6he von 1000\u20ac.<\/li>\n<li><strong> 7. Mai<\/strong>: Ordentliche Mitgliederversammlung des F\u00f6rdervereins um 19.30 Uhr im Musikraum der Schule<\/li>\n<li><strong>4. M\u00e4rz<\/strong>: Teilnahme der GGS Herkenrath am 50. Herkenrather Karnevalsumzug- Alaaf! Treffen um 10.30 Uhr Ortseingang.<\/li>\n<li><strong> 28. Februar<\/strong>: Weiberfastnachts-Auftritt des Schulchores bei der Kreissparkasse in Bergisch Gladbach um 12 Uhr. (Der F\u00f6rderverein bedankt sich f\u00fcr die zweckgebundene Spende der KSK von 1000\u20ac f\u00fcr das Schul-Projekt \u201ePrima Klima\u201c.)<\/li>\n<li><strong> 2. Februar<\/strong>: Chorauftritt 12 Uhr in der RheinBerg Galerie anl\u00e4sslich des Gl\u00e4serverkaufs zu Beginn der Karnevalssession. Neben dem Kinderdreigestirn, den Strunde-P\u00e4nz, den Wibbelst\u00e4tzje, den jecken Kids aus K\u00fcrten, der Kindertanzgruppe der Gro\u00dfen Bensberger darf der Schulchor der GGS Herkenrath f\u00fcr Stimmung sorgen. (Der F\u00f6rderverein bedankt sich f\u00fcr eine Spende in H\u00f6he von 700\u20ac.)<\/li>\n<\/ul>\n","protected":false},"excerpt":{"rendered":"<p>Termine und Verranstaltungen 2021 Auch in diesem Jahr k\u00f6nnen coronabedingt bis auf Weiteres leider keine Aktivit\u00e4ten stattfinden. Termine und Veranstaltungen 2020 Dieses Jahr k\u00f6nnen coronabedingt bis auf Weiteres leider keine Aktivit\u00e4ten stattfinden. Termine und Veranstaltungen 2019 18. Dezember: Um 17 Uhr singt der Schulchor unter Leitung von Frau Bittner. Das Weihnachtskonzert findet in der St. [&hellip;]<\/p>\n","protected":false},"author":1,"featured_media":0,"parent":127,"menu_order":0,"comment_status":"closed","ping_status":"closed","template":"","meta":{"footnotes":""},"class_list":["post-464","page","type-page","status-publish","hentry"],"_links":{"self":[{"href":"https:\/\/www.grundschule-herkenrath.de\/hp\/wp-json\/wp\/v2\/pages\/464","targetHints":{"allow":["GET"]}}],"collection":[{"href":"https:\/\/www.grundschule-herkenrath.de\/hp\/wp-json\/wp\/v2\/pages"}],"about":[{"href":"https:\/\/www.grundschule-herkenrath.de\/hp\/wp-json\/wp\/v2\/types\/page"}],"author":[{"embeddable":true,"href":"https:\/\/www.grundschule-herkenrath.de\/hp\/wp-json\/wp\/v2\/users\/1"}],"replies":[{"embeddable":true,"href":"https:\/\/www.grundschule-herkenrath.de\/hp\/wp-json\/wp\/v2\/comments?post=464"}],"version-history":[{"count":19,"href":"https:\/\/www.grundschule-herkenrath.de\/hp\/wp-json\/wp\/v2\/pages\/464\/revisions"}],"predecessor-version":[{"id":2643,"href":"https:\/\/www.grundschule-herkenrath.de\/hp\/wp-json\/wp\/v2\/pages\/464\/revisions\/2643"}],"up":[{"embeddable":true,"href":"https:\/\/www.grundschule-herkenrath.de\/hp\/wp-json\/wp\/v2\/pages\/127"}],"wp:attachment":[{"href":"https:\/\/www.grundschule-herkenrath.de\/hp\/wp-json\/wp\/v2\/media?parent=464"}],"curies":[{"name":"wp","href":"https:\/\/api.w.org\/{rel}","templated":true}]}}