{"id":358,"date":"2016-02-03T18:47:28","date_gmt":"2016-02-03T17:47:28","guid":{"rendered":"http:\/\/www.grundschule-herkenrath.de\/hp\/?page_id=358"},"modified":"2020-02-02T16:08:25","modified_gmt":"2020-02-02T15:08:25","slug":"kooperationen","status":"publish","type":"page","link":"https:\/\/www.grundschule-herkenrath.de\/hp\/kollegium\/kooperationen\/","title":{"rendered":"Kooperationen"},"content":{"rendered":"<p><strong>Kooperation \u201e<\/strong><strong>TuWaS!\u201c<\/strong><\/p>\n<p>Zwei Sponsoren erm\u00f6glichen unserer Schule die Teilnahme am Projekt \u201eTuWaS!\u201c. Mit den zur Verf\u00fcgung gestellten Themenboxen kann im Sachunterricht experimentiert und wissenschaftlich &#8211; praktisch gearbeitet werden. Die Sch\u00fclerinnen und Sch\u00fcler sind aktiv in der Wissenschaft unterwegs, beobachten, vermuten, protokollieren und erschlie\u00dfen sich neue Erkenntnisse und Erfahrungen.<\/p>\n<hr \/>\n<p><strong>Schule &#8211; Soziales Netzwerk Stadtmitte<\/strong><\/p>\n<p>\u201eFisch- Fit in die Schule\u201c ist ein Angebot an alle Vorschulkinder unserer Grundschule seit dem Schuljahr 2018\/19. In den Wochen vor der Einschulung treffen sich die Kinder einmal w\u00f6chentlich f\u00fcr zwei Schulstunden in der Grundschule und werden von Theaterp\u00e4dagogen, Kunstp\u00e4dagogen und Erzieherinnen spielerisch an die neue Schulumgebung gew\u00f6hnt und lernen sich untereinander und einige Lehrerinnen und Lehrer kennen.<\/p>\n<hr \/>\n<p><strong>Kooperation Schule-Caritas: \u201eSchulsachenb\u00fcdchen\u201c<\/strong><\/p>\n<p>Seit dem Schuljahr 2017\/18 unterst\u00fctzen wir unter Federf\u00fchrung der Caritas mit unserem Schulsachenb\u00fcdchen Familien, die das allt\u00e4gliche Unterrichtsmaterial ihren Kindern nicht oder zeitweise nicht zur Verf\u00fcgung stellen k\u00f6nnen. Die Schule erh\u00e4lt j\u00e4hrlich ein F\u00f6rdergeld und kann dieses f\u00fcr entsprechende Materialien (Hefte, Stifte, Geodreiecke, Zirkel, Farbk\u00e4sten, Sportsachen\u2026) oder aber auch zur Finanzierung von Schulausfl\u00fcgen f\u00fcr einzelne Kinder ausgeben.<\/p>\n<hr \/>\n<p><strong>Pony- Naturclub<\/strong><\/p>\n<p>Im Pony- Naturclub vermittelt eine Mutter unserer Schule, die ausgebildete Reitlehrerin ist, einer ausgew\u00e4hlten Kleingruppe von Sch\u00fclerinnen und Sch\u00fclern spielerisch den Umgang mit kleinen Ponys. Die Kinder reiten dort nicht , da die Ponys zu klein sind. Schwerpunkt ist es, eine Beziehung zu den Tieren aufzubauen und zu lernen, Verantwortung zu \u00fcbernehmen. Dar\u00fcber hinaus nimmt das gemeinsame Spielen in der Natur einen hohen Stellenwert ein.<\/p>\n<hr \/>\n<p><strong>Kooperation Netzwerk Rheinland &#8211; <\/strong><strong>Sozialtraining \u201ePrima Klima\u201c<\/strong><\/p>\n<p>Im zweiten Schuljahr findet an jeweils drei Tagen das Sozialtraining \u201ePrima Klima statt. Dieses Trainingsprogramm wird von Trainern des \u201eNetzwerks Rheinland\u201c durchgef\u00fchrt. Ziel ist es, die Klassengemeinschaft zu st\u00e4rken, das Klassenklima zu verbessern und Sozialkompetenzen aufzubauen.<\/p>\n<p>Inhalte und Trainingsziele des Programms sind:<\/p>\n<ul>\n<li>Regeln zum friedlichen Miteinander<\/li>\n<li>Gef\u00fchle (ich, du, wir)<\/li>\n<li>Umgang mit Grenzen<\/li>\n<li>F\u00f6rderung der positiven Selbsteinsch\u00e4tzung und des Selbstbewusstseins<\/li>\n<li>Sensibilisierung f\u00fcr allt\u00e4gliche Gewalt<\/li>\n<li>Gewaltl\u00f6sendes Kommunikationsverhalten<\/li>\n<li>Umgang mit Gewaltsituationen<\/li>\n<li>Alternativen zur Gewalt<\/li>\n<li>Ausbruch aus der Gewaltspirale<\/li>\n<li>richtiges Verhalten in Konflikt- und Gewaltsituationen<\/li>\n<li>spielerisches Ausprobieren von Konfliktbew\u00e4ltigungsstrategien<\/li>\n<li>Entwicklung eigener Handlungskompetenzen<\/li>\n<\/ul>\n<hr \/>\n<p><strong>ALTE DOMBACH<\/strong><\/p>\n<p><img loading=\"lazy\" decoding=\"async\" class=\"wp-image-560 alignright\" src=\"https:\/\/www.grundschule-herkenrath.de\/hp\/wp-content\/uploads\/2016\/03\/GGS-Kooperation-Alte-Admbach-1-580x315.jpg\" alt=\"GGS - Kooperation Alte Admbach (1)\" width=\"319\" height=\"173\" srcset=\"https:\/\/www.grundschule-herkenrath.de\/hp\/wp-content\/uploads\/2016\/03\/GGS-Kooperation-Alte-Admbach-1-580x315.jpg 580w, https:\/\/www.grundschule-herkenrath.de\/hp\/wp-content\/uploads\/2016\/03\/GGS-Kooperation-Alte-Admbach-1-768x417.jpg 768w, https:\/\/www.grundschule-herkenrath.de\/hp\/wp-content\/uploads\/2016\/03\/GGS-Kooperation-Alte-Admbach-1-624x339.jpg 624w, https:\/\/www.grundschule-herkenrath.de\/hp\/wp-content\/uploads\/2016\/03\/GGS-Kooperation-Alte-Admbach-1.jpg 800w\" sizes=\"auto, (max-width: 319px) 100vw, 319px\" \/><\/p>\n<p>Seit dem Schuljahr 2008\/2009 besteht eine Kooperation mit dem Papiermuseum \u201eAlte Dombach\u201c welches ausdr\u00fccklich auch Aktivit\u00e4ten mit der OGS einbezieht. In der Vergangenheit wurden hier Kinder zu Museumsf\u00fchrern ausgebildet und zeigten Besucher diverse Ausstellungen. Im letzten Schuljahr fand in der Alten Dombach unser Schulfest statt, wo die Kinder an zahlreichen Stationen mit Papier Kunstwerke erstellten. In einer Garten-AG bestellten mehrere Kinder unserer Schule eigene kleine G\u00e4rten. Weitere Projekte folgen in K\u00fcrze.<\/p>\n<hr \/>\n<p><strong><img loading=\"lazy\" decoding=\"async\" class=\"size-full wp-image-564 alignright\" src=\"https:\/\/www.grundschule-herkenrath.de\/hp\/wp-content\/uploads\/2016\/02\/GGS-Kooperationen-TVH.png\" alt=\"GGS - Kooperationen TVH\" width=\"234\" height=\"151\" \/>TV HERKENRATH<\/strong><\/p>\n<p>Seit 2015 besteht eine Kooperation unserer Schule mit dem TV Herkenrath.<\/p>\n<p>Im Fr\u00fchjahr f\u00fchrt ein Trainer der Basketballabteilung in den 4. Schuljahren in die Sportart Basketball ein und nimmt bei den Sch\u00fcler\/Innen das Basketballspielabzeichen ab. Gut vorbereitet melden wir j\u00e4hrlich zwei Mannschaften zum Basketballspieletreff der Grundschulen an.<\/p>\n<p>Bevor die Freiplatzsaison f\u00fcr Tennis beginnt, f\u00fchrt der Trainer der Tennisabteilung im Sportunterricht die Kinder altersgerecht an diese Sportart heran. Oft findet anschlie\u00dfend ein Schnuppertag in der Tennisabteilung f\u00fcr die Kinder statt.<\/p>\n<p>Mitglieder der Leichtathletikabteilung unterst\u00fctzen uns Sportlehrer\/Innen bei der Abnahme des Deutschen Sportabzeichen f\u00fcr Kinder. 2014 und 2015 haben unsere Sch\u00fcler\/Innen am Kirchbl\u00fctenlauf in Refrath teilgenommen.<\/p>\n<p>Im Schuljahr 2015\/16 hat eine Fu\u00dfball AG f\u00fcr Jungen und M\u00e4dchen stattgefunden. Im Schuljahr 2015 haben wir mit einer Mannschaft an den Stadtmeisterschaften teilgenommen.<\/p>\n","protected":false},"excerpt":{"rendered":"<p>Kooperation \u201eTuWaS!\u201c Zwei Sponsoren erm\u00f6glichen unserer Schule die Teilnahme am Projekt \u201eTuWaS!\u201c. Mit den zur Verf\u00fcgung gestellten Themenboxen kann im Sachunterricht experimentiert und wissenschaftlich &#8211; praktisch gearbeitet werden. Die Sch\u00fclerinnen und Sch\u00fcler sind aktiv in der Wissenschaft unterwegs, beobachten, vermuten, protokollieren und erschlie\u00dfen sich neue Erkenntnisse und Erfahrungen. Schule &#8211; Soziales Netzwerk Stadtmitte \u201eFisch- Fit [&hellip;]<\/p>\n","protected":false},"author":1,"featured_media":0,"parent":20,"menu_order":0,"comment_status":"closed","ping_status":"closed","template":"","meta":{"footnotes":""},"class_list":["post-358","page","type-page","status-publish","hentry"],"_links":{"self":[{"href":"https:\/\/www.grundschule-herkenrath.de\/hp\/wp-json\/wp\/v2\/pages\/358","targetHints":{"allow":["GET"]}}],"collection":[{"href":"https:\/\/www.grundschule-herkenrath.de\/hp\/wp-json\/wp\/v2\/pages"}],"about":[{"href":"https:\/\/www.grundschule-herkenrath.de\/hp\/wp-json\/wp\/v2\/types\/page"}],"author":[{"embeddable":true,"href":"https:\/\/www.grundschule-herkenrath.de\/hp\/wp-json\/wp\/v2\/users\/1"}],"replies":[{"embeddable":true,"href":"https:\/\/www.grundschule-herkenrath.de\/hp\/wp-json\/wp\/v2\/comments?post=358"}],"version-history":[{"count":7,"href":"https:\/\/www.grundschule-herkenrath.de\/hp\/wp-json\/wp\/v2\/pages\/358\/revisions"}],"predecessor-version":[{"id":2079,"href":"https:\/\/www.grundschule-herkenrath.de\/hp\/wp-json\/wp\/v2\/pages\/358\/revisions\/2079"}],"up":[{"embeddable":true,"href":"https:\/\/www.grundschule-herkenrath.de\/hp\/wp-json\/wp\/v2\/pages\/20"}],"wp:attachment":[{"href":"https:\/\/www.grundschule-herkenrath.de\/hp\/wp-json\/wp\/v2\/media?parent=358"}],"curies":[{"name":"wp","href":"https:\/\/api.w.org\/{rel}","templated":true}]}}