{"id":342,"date":"2016-02-03T18:00:43","date_gmt":"2016-02-03T17:00:43","guid":{"rendered":"http:\/\/www.grundschule-herkenrath.de\/hp\/?page_id=342"},"modified":"2016-03-14T15:19:17","modified_gmt":"2016-03-14T14:19:17","slug":"philosophie","status":"publish","type":"page","link":"https:\/\/www.grundschule-herkenrath.de\/hp\/kollegium\/philosophie\/","title":{"rendered":"Schulphilosophie"},"content":{"rendered":"<p>Unsere Schule ist nicht nur ein Ort des Lernens, sondern auch ein Lebensraum f\u00fcr alle Kinder und deren Familien, allen LehrerInnen, ErzieherInnen und weiteren MitarbeiterInnen.<br \/>\nHier wird Gemeinschaft und Individualit\u00e4t gelebt!<\/p>\n<p><strong>Unsere Leitideen<br \/>\n<\/strong><\/p>\n<ul>\n<li><strong>Gemeinsames Lernen und Leben!<\/strong><br \/>\nErziehung zu selbstbewussten und selbstst\u00e4ndigen Menschen, die in einer Gemeinschaft zusammenleben k\u00f6nnen.<\/li>\n<li><strong>Individuelles Lernen!<\/strong><br \/>\nJedes Kind ist anders!<br \/>\nDie Bed\u00fcrfnisse des Einzelnen ber\u00fccksichtigen und ihnen gerecht werden.<\/li>\n<li><strong>Demokratische Grundwerte leben!<\/strong><br \/>\nErziehung zu demokratisch denkenden Menschen.<br \/>\nDemokratische Strukturen kennenlernen und leben.<\/li>\n<\/ul>\n<p>Unsere Schulphilosophie basiert auf einer vertrauensvollen, konstruktiven und engen Zusammenarbeit mit Eltern bzw. Erziehungsberechtigten und au\u00dferschulischen Einrichtungen.<\/p>\n","protected":false},"excerpt":{"rendered":"<p>Unsere Schule ist nicht nur ein Ort des Lernens, sondern auch ein Lebensraum f\u00fcr alle Kinder und deren Familien, allen LehrerInnen, ErzieherInnen und weiteren MitarbeiterInnen. Hier wird Gemeinschaft und Individualit\u00e4t gelebt! Unsere Leitideen Gemeinsames Lernen und Leben! Erziehung zu selbstbewussten und selbstst\u00e4ndigen Menschen, die in einer Gemeinschaft zusammenleben k\u00f6nnen. Individuelles Lernen! Jedes Kind ist anders! [&hellip;]<\/p>\n","protected":false},"author":1,"featured_media":0,"parent":20,"menu_order":0,"comment_status":"closed","ping_status":"closed","template":"","meta":{"footnotes":""},"class_list":["post-342","page","type-page","status-publish","hentry"],"_links":{"self":[{"href":"https:\/\/www.grundschule-herkenrath.de\/hp\/wp-json\/wp\/v2\/pages\/342","targetHints":{"allow":["GET"]}}],"collection":[{"href":"https:\/\/www.grundschule-herkenrath.de\/hp\/wp-json\/wp\/v2\/pages"}],"about":[{"href":"https:\/\/www.grundschule-herkenrath.de\/hp\/wp-json\/wp\/v2\/types\/page"}],"author":[{"embeddable":true,"href":"https:\/\/www.grundschule-herkenrath.de\/hp\/wp-json\/wp\/v2\/users\/1"}],"replies":[{"embeddable":true,"href":"https:\/\/www.grundschule-herkenrath.de\/hp\/wp-json\/wp\/v2\/comments?post=342"}],"version-history":[{"count":4,"href":"https:\/\/www.grundschule-herkenrath.de\/hp\/wp-json\/wp\/v2\/pages\/342\/revisions"}],"predecessor-version":[{"id":707,"href":"https:\/\/www.grundschule-herkenrath.de\/hp\/wp-json\/wp\/v2\/pages\/342\/revisions\/707"}],"up":[{"embeddable":true,"href":"https:\/\/www.grundschule-herkenrath.de\/hp\/wp-json\/wp\/v2\/pages\/20"}],"wp:attachment":[{"href":"https:\/\/www.grundschule-herkenrath.de\/hp\/wp-json\/wp\/v2\/media?parent=342"}],"curies":[{"name":"wp","href":"https:\/\/api.w.org\/{rel}","templated":true}]}}