{"id":3259,"date":"2026-05-02T19:34:41","date_gmt":"2026-05-02T17:34:41","guid":{"rendered":"https:\/\/www.grundschule-herkenrath.de\/hp\/?page_id=3259"},"modified":"2026-05-02T19:39:11","modified_gmt":"2026-05-02T17:39:11","slug":"ablauf-der-anmeldung","status":"publish","type":"page","link":"https:\/\/www.grundschule-herkenrath.de\/hp\/ablauf-der-anmeldung\/","title":{"rendered":"Ablauf der Anmeldung"},"content":{"rendered":"\n<p>Die Schulanmeldungen f\u00fcr das Schuljahr 2027\/28 werden voraussichtlich bis zu den Sommerferien hier bekannt gegeben.<\/p>\n<p>Sobald die Anmeldetage hier ver\u00f6ffentlicht sind, vereinbaren Sie bitte rechtzeitig telefonisch einen Termin f\u00fcr den entsprechenden Anmeldetag im Sekretariat.<\/p>\n<p>Telefon: 02204 \/ 83275\u00a0<\/p>\n<p>(Frau Ispas)<\/p>\n<p><strong>Zum Ihrem Termin bringen Sie bitte mit:<\/strong><\/p>\n<ul>\n<li>die vollst\u00e4ndig ausgef\u00fcllten Formulare unserer Schule<\/li>\n<li>den vollst\u00e4ndig ausgef\u00fcllten Anmeldebogen der Stadt Bergisch Gladbach<\/li>\n<li>Geburtsurkunde des Kindes<\/li>\n<li>Impfausweis Ihres Kindes<\/li>\n<li>Ihr Kind<\/li>\n<\/ul>\n","protected":false},"excerpt":{"rendered":"<p>Die Schulanmeldungen f\u00fcr das Schuljahr 2027\/28 werden voraussichtlich bis zu den Sommerferien hier bekannt gegeben. Sobald die Anmeldetage hier ver\u00f6ffentlicht sind, vereinbaren Sie bitte rechtzeitig telefonisch einen Termin f\u00fcr den entsprechenden Anmeldetag im Sekretariat. Telefon: 02204 \/ 83275\u00a0 (Frau Ispas) Zum Ihrem Termin bringen Sie bitte mit: die vollst\u00e4ndig ausgef\u00fcllten Formulare unserer Schule den vollst\u00e4ndig [&hellip;]<\/p>\n","protected":false},"author":3,"featured_media":0,"parent":0,"menu_order":0,"comment_status":"closed","ping_status":"closed","template":"","meta":{"footnotes":""},"class_list":["post-3259","page","type-page","status-publish","hentry"],"_links":{"self":[{"href":"https:\/\/www.grundschule-herkenrath.de\/hp\/wp-json\/wp\/v2\/pages\/3259","targetHints":{"allow":["GET"]}}],"collection":[{"href":"https:\/\/www.grundschule-herkenrath.de\/hp\/wp-json\/wp\/v2\/pages"}],"about":[{"href":"https:\/\/www.grundschule-herkenrath.de\/hp\/wp-json\/wp\/v2\/types\/page"}],"author":[{"embeddable":true,"href":"https:\/\/www.grundschule-herkenrath.de\/hp\/wp-json\/wp\/v2\/users\/3"}],"replies":[{"embeddable":true,"href":"https:\/\/www.grundschule-herkenrath.de\/hp\/wp-json\/wp\/v2\/comments?post=3259"}],"version-history":[{"count":2,"href":"https:\/\/www.grundschule-herkenrath.de\/hp\/wp-json\/wp\/v2\/pages\/3259\/revisions"}],"predecessor-version":[{"id":3263,"href":"https:\/\/www.grundschule-herkenrath.de\/hp\/wp-json\/wp\/v2\/pages\/3259\/revisions\/3263"}],"wp:attachment":[{"href":"https:\/\/www.grundschule-herkenrath.de\/hp\/wp-json\/wp\/v2\/media?parent=3259"}],"curies":[{"name":"wp","href":"https:\/\/api.w.org\/{rel}","templated":true}]}}