{"id":3058,"date":"2024-09-03T16:47:43","date_gmt":"2024-09-03T14:47:43","guid":{"rendered":"https:\/\/www.grundschule-herkenrath.de\/hp\/?page_id=3058"},"modified":"2025-09-06T18:11:00","modified_gmt":"2025-09-06T16:11:00","slug":"die-awo-ogs-herkenrath-stellt-sich-vor","status":"publish","type":"page","link":"https:\/\/www.grundschule-herkenrath.de\/hp\/die-awo-ogs-herkenrath-stellt-sich-vor\/","title":{"rendered":"Die OGS Herkenrath stellt sich vor"},"content":{"rendered":"\n<p><strong>Im Tor zum Bergischen gelegen begr\u00fc\u00dft euch die OGS Herkenrath MO \u2013 FR von 11.30 Uhr bis 16.30 Uhr (an schulfreien Tagen bis 16.15 Uhr). Wir betreuen die Kinder nach Schulschluss in einem teil-offenem Konzept mit situativem Ansatz. P\u00e4dagogisch zu arbeiten ist uns sehr wichtig, so hat z.B. jedes Kind eine f\u00fcr es zust\u00e4ndige Person und es finden u.a. regelm\u00e4\u00dfig Elterngespr\u00e4che und Elterntreffs statt. Der Tagesablauf f\u00fcr die Kinder beinhaltet: Mittagessen, Hausaufgabenbetreuung, Freispiel und geplante Angebote in Form von Workshops, Arbeitsgemeinschaften und Projekten. In den Ferien finden Programme statt, die zum Ziel haben, dass die Kinder vom straffen Alltag entspannen k\u00f6nnen.<\/strong><\/p>\n<p><strong>Neugierig geworden? Gerne erz\u00e4hlen wir in einem pers\u00f6nlichen Gespr\u00e4ch noch mehr \u00fcber uns. Melden Sie sich gern unter: ogs-herkenrath(at)ev-angel-isch.de und wir vereinbaren einen Termin.\u00a0 <\/strong><\/p>\n<p><strong>Viele Gr\u00fc\u00dfe<\/strong><\/p>\n<p><strong>Das Team der OGS<\/strong><\/p>\n","protected":false},"excerpt":{"rendered":"<p>Im Tor zum Bergischen gelegen begr\u00fc\u00dft euch die OGS Herkenrath MO \u2013 FR von 11.30 Uhr bis 16.30 Uhr (an schulfreien Tagen bis 16.15 Uhr). Wir betreuen die Kinder nach Schulschluss in einem teil-offenem Konzept mit situativem Ansatz. P\u00e4dagogisch zu arbeiten ist uns sehr wichtig, so hat z.B. jedes Kind eine f\u00fcr es zust\u00e4ndige Person [&hellip;]<\/p>\n","protected":false},"author":3,"featured_media":0,"parent":0,"menu_order":0,"comment_status":"closed","ping_status":"closed","template":"","meta":{"footnotes":""},"class_list":["post-3058","page","type-page","status-publish","hentry"],"_links":{"self":[{"href":"https:\/\/www.grundschule-herkenrath.de\/hp\/wp-json\/wp\/v2\/pages\/3058","targetHints":{"allow":["GET"]}}],"collection":[{"href":"https:\/\/www.grundschule-herkenrath.de\/hp\/wp-json\/wp\/v2\/pages"}],"about":[{"href":"https:\/\/www.grundschule-herkenrath.de\/hp\/wp-json\/wp\/v2\/types\/page"}],"author":[{"embeddable":true,"href":"https:\/\/www.grundschule-herkenrath.de\/hp\/wp-json\/wp\/v2\/users\/3"}],"replies":[{"embeddable":true,"href":"https:\/\/www.grundschule-herkenrath.de\/hp\/wp-json\/wp\/v2\/comments?post=3058"}],"version-history":[{"count":3,"href":"https:\/\/www.grundschule-herkenrath.de\/hp\/wp-json\/wp\/v2\/pages\/3058\/revisions"}],"predecessor-version":[{"id":3201,"href":"https:\/\/www.grundschule-herkenrath.de\/hp\/wp-json\/wp\/v2\/pages\/3058\/revisions\/3201"}],"wp:attachment":[{"href":"https:\/\/www.grundschule-herkenrath.de\/hp\/wp-json\/wp\/v2\/media?parent=3058"}],"curies":[{"name":"wp","href":"https:\/\/api.w.org\/{rel}","templated":true}]}}