{"id":26,"date":"2015-10-15T22:33:28","date_gmt":"2015-10-15T20:33:28","guid":{"rendered":"http:\/\/www.grundschule-herkenrath.de\/hp\/?page_id=26"},"modified":"2023-08-18T17:56:07","modified_gmt":"2023-08-18T15:56:07","slug":"start","status":"publish","type":"page","link":"https:\/\/www.grundschule-herkenrath.de\/hp\/","title":{"rendered":"Start"},"content":{"rendered":"<hr \/>\n<p style=\"text-align: center;\"><img loading=\"lazy\" decoding=\"async\" class=\"alignnone size-full wp-image-927\" src=\"https:\/\/www.grundschule-herkenrath.de\/hp\/wp-content\/uploads\/2016\/09\/Logo.jpg\" alt=\"Logo\" width=\"180\" height=\"161\" \/><\/p>\n<p style=\"text-align: center;\">Herzlich willkommen auf unserer Homepage!<\/p>\n<hr \/>\n<p style=\"text-align: center;\">Wir w\u00fcnschen allen Besuchern viel Spa\u00df beim &#8222;St\u00f6bern&#8220;!<\/p>\n<p style=\"text-align: center;\">\n","protected":false},"excerpt":{"rendered":"<p>Herzlich willkommen auf unserer Homepage! Wir w\u00fcnschen allen Besuchern viel Spa\u00df beim &#8222;St\u00f6bern&#8220;!<\/p>\n","protected":false},"author":3,"featured_media":0,"parent":0,"menu_order":0,"comment_status":"closed","ping_status":"closed","template":"","meta":{"footnotes":""},"class_list":["post-26","page","type-page","status-publish","hentry"],"_links":{"self":[{"href":"https:\/\/www.grundschule-herkenrath.de\/hp\/wp-json\/wp\/v2\/pages\/26","targetHints":{"allow":["GET"]}}],"collection":[{"href":"https:\/\/www.grundschule-herkenrath.de\/hp\/wp-json\/wp\/v2\/pages"}],"about":[{"href":"https:\/\/www.grundschule-herkenrath.de\/hp\/wp-json\/wp\/v2\/types\/page"}],"author":[{"embeddable":true,"href":"https:\/\/www.grundschule-herkenrath.de\/hp\/wp-json\/wp\/v2\/users\/3"}],"replies":[{"embeddable":true,"href":"https:\/\/www.grundschule-herkenrath.de\/hp\/wp-json\/wp\/v2\/comments?post=26"}],"version-history":[{"count":12,"href":"https:\/\/www.grundschule-herkenrath.de\/hp\/wp-json\/wp\/v2\/pages\/26\/revisions"}],"predecessor-version":[{"id":2861,"href":"https:\/\/www.grundschule-herkenrath.de\/hp\/wp-json\/wp\/v2\/pages\/26\/revisions\/2861"}],"wp:attachment":[{"href":"https:\/\/www.grundschule-herkenrath.de\/hp\/wp-json\/wp\/v2\/media?parent=26"}],"curies":[{"name":"wp","href":"https:\/\/api.w.org\/{rel}","templated":true}]}}