{"id":216,"date":"2015-10-29T21:10:57","date_gmt":"2015-10-29T20:10:57","guid":{"rendered":"http:\/\/www.grundschule-herkenrath.de\/hp\/?page_id=216"},"modified":"2016-03-09T19:12:58","modified_gmt":"2016-03-09T18:12:58","slug":"buecherei","status":"publish","type":"page","link":"https:\/\/www.grundschule-herkenrath.de\/hp\/kollegium\/buecherei\/","title":{"rendered":"B\u00fccherei"},"content":{"rendered":"<p>Die Grundschule verf\u00fcgt \u00fcber eine gut ausgestattete B\u00fccherei. \u00dcber 2000 B\u00fccher werden mittels Computer verwaltet. Jeden Dienstag haben die Schulkinder die M\u00f6glichkeit, sich B\u00fccher auszuleihen. Die Ausleihe und R\u00fcckgabe wird von Eltern durchgef\u00fchrt. Jedes Kind verf\u00fcgt \u00fcber einen B\u00fcchereiausweis, der die Ausleihe schnell und komplikationslos gestaltet.<\/p>\n<p>Die B\u00fccherei kann zu folgenden Themen etwas anbieten:<\/p>\n<ul>\n<li>Eine Vielzahl von Lese- <img loading=\"lazy\" decoding=\"async\" class=\"wp-image-627 alignright\" src=\"https:\/\/www.grundschule-herkenrath.de\/hp\/wp-content\/uploads\/2015\/10\/GGS-B\u00fccherei-1-580x387.jpg\" alt=\"GGS-B\u00fccherei (1)\" width=\"340\" height=\"227\" srcset=\"https:\/\/www.grundschule-herkenrath.de\/hp\/wp-content\/uploads\/2015\/10\/GGS-B\u00fccherei-1-580x387.jpg 580w, https:\/\/www.grundschule-herkenrath.de\/hp\/wp-content\/uploads\/2015\/10\/GGS-B\u00fccherei-1-624x417.jpg 624w, https:\/\/www.grundschule-herkenrath.de\/hp\/wp-content\/uploads\/2015\/10\/GGS-B\u00fccherei-1.jpg 719w\" sizes=\"auto, (max-width: 340px) 100vw, 340px\" \/>und Bilderb\u00fcchern f\u00fcr das 1. und 2. Schuljahr<\/li>\n<li>Eine gro\u00dfe Auswahl an Tierromanen<\/li>\n<li>Abenteuergeschichten<\/li>\n<li>Freundschaftsb\u00fccher<\/li>\n<li>Geschichten aus der Bibel<\/li>\n<li>M\u00e4rchenb\u00fccher<\/li>\n<li>Viele und interessante Sachb\u00fccher!!!<\/li>\n<li>Vorleseb\u00fccher<\/li>\n<li>Bastelb\u00fccher<\/li>\n<\/ul>\n<p>Die Software, mit welcher di<img loading=\"lazy\" decoding=\"async\" class=\"alignleft wp-image-626\" src=\"https:\/\/www.grundschule-herkenrath.de\/hp\/wp-content\/uploads\/2015\/10\/GGS-B\u00fccherei3-580x387.jpg\" alt=\"GGS-B\u00fccherei(3)\" width=\"340\" height=\"227\" srcset=\"https:\/\/www.grundschule-herkenrath.de\/hp\/wp-content\/uploads\/2015\/10\/GGS-B\u00fccherei3-580x387.jpg 580w, https:\/\/www.grundschule-herkenrath.de\/hp\/wp-content\/uploads\/2015\/10\/GGS-B\u00fccherei3-624x417.jpg 624w, https:\/\/www.grundschule-herkenrath.de\/hp\/wp-content\/uploads\/2015\/10\/GGS-B\u00fccherei3.jpg 719w\" sizes=\"auto, (max-width: 340px) 100vw, 340px\" \/>e B\u00fccher verwaltet wird, weist insbesondere auf die B\u00fccher hin, zu denen die Schulkinder auf der Plattform antolin.de Fragen beantworten k\u00f6nnen. Durch diese Selbsttestung k\u00f6nnen die Schulkinder auch zu Hause \u00fcberpr\u00fcfen, wie gut sie ein Buch sinnentnehmend gelesen haben.<\/p>\n<p>Die Anwendung antolin.de ist Teil des Lesekonzepts der Schule.<\/p>\n","protected":false},"excerpt":{"rendered":"<p>Die Grundschule verf\u00fcgt \u00fcber eine gut ausgestattete B\u00fccherei. \u00dcber 2000 B\u00fccher werden mittels Computer verwaltet. Jeden Dienstag haben die Schulkinder die M\u00f6glichkeit, sich B\u00fccher auszuleihen. Die Ausleihe und R\u00fcckgabe wird von Eltern durchgef\u00fchrt. Jedes Kind verf\u00fcgt \u00fcber einen B\u00fcchereiausweis, der die Ausleihe schnell und komplikationslos gestaltet. Die B\u00fccherei kann zu folgenden Themen etwas anbieten: Eine [&hellip;]<\/p>\n","protected":false},"author":1,"featured_media":0,"parent":20,"menu_order":0,"comment_status":"closed","ping_status":"closed","template":"","meta":{"footnotes":""},"class_list":["post-216","page","type-page","status-publish","hentry"],"_links":{"self":[{"href":"https:\/\/www.grundschule-herkenrath.de\/hp\/wp-json\/wp\/v2\/pages\/216","targetHints":{"allow":["GET"]}}],"collection":[{"href":"https:\/\/www.grundschule-herkenrath.de\/hp\/wp-json\/wp\/v2\/pages"}],"about":[{"href":"https:\/\/www.grundschule-herkenrath.de\/hp\/wp-json\/wp\/v2\/types\/page"}],"author":[{"embeddable":true,"href":"https:\/\/www.grundschule-herkenrath.de\/hp\/wp-json\/wp\/v2\/users\/1"}],"replies":[{"embeddable":true,"href":"https:\/\/www.grundschule-herkenrath.de\/hp\/wp-json\/wp\/v2\/comments?post=216"}],"version-history":[{"count":16,"href":"https:\/\/www.grundschule-herkenrath.de\/hp\/wp-json\/wp\/v2\/pages\/216\/revisions"}],"predecessor-version":[{"id":644,"href":"https:\/\/www.grundschule-herkenrath.de\/hp\/wp-json\/wp\/v2\/pages\/216\/revisions\/644"}],"up":[{"embeddable":true,"href":"https:\/\/www.grundschule-herkenrath.de\/hp\/wp-json\/wp\/v2\/pages\/20"}],"wp:attachment":[{"href":"https:\/\/www.grundschule-herkenrath.de\/hp\/wp-json\/wp\/v2\/media?parent=216"}],"curies":[{"name":"wp","href":"https:\/\/api.w.org\/{rel}","templated":true}]}}