{"id":210,"date":"2015-10-29T20:54:00","date_gmt":"2015-10-29T19:54:00","guid":{"rendered":"http:\/\/www.grundschule-herkenrath.de\/hp\/?page_id=210"},"modified":"2016-03-08T23:37:55","modified_gmt":"2016-03-08T22:37:55","slug":"der-schulort-herkenrath","status":"publish","type":"page","link":"https:\/\/www.grundschule-herkenrath.de\/hp\/kollegium\/der-schulort-herkenrath\/","title":{"rendered":"Der Schulort Herkenrath"},"content":{"rendered":"<p style=\"text-align: left;\"><strong>Aus der Geschichte Herkenraths<\/strong><\/p>\n<p>Herkenrath ist ein Ortsteil der Stadt Bergisch Gladbach. Der Wortteil &#8222;rath&#8220; zeigt an, dass hier vermutlich im 9.\/10. Jahrhundert Waldgebiete gerodet und eine erste Siedlung gegr\u00fcndet wurde.<\/p>\n<p><img loading=\"lazy\" decoding=\"async\" class=\"aligncenter wp-image-260\" src=\"https:\/\/www.grundschule-herkenrath.de\/hp\/wp-content\/uploads\/2015\/11\/Schulort-Herkenrath.jpg\" alt=\"Herkenrath\" width=\"480\" height=\"279\" \/><\/p>\n<p>In Herkenrath gibt es eine alte katholische Pfarrkirche aus dem Mittelalter, St. Antonius Abbas, und ein modernes evangelisches Gemeindezentrum mit einem integrierten Gottesdienstraum. Fr\u00fcher lebte der Ort \u00fcberwiegend vom Bergbau; Erze wie Blei und Zink wurden hier gef\u00f6rdert.<\/p>\n<hr \/>\n<p><strong>Das Schulzentrum Herkenrath<\/strong><\/p>\n<p>Unter der \u00dcberschrift \u201eSchulzentrum Herkenrath\u201c wird die Grundschule, die Realschule und das Gymnasium zusammengefasst. Bis vor wenigen Jahren geh\u00f6rte dem Schulzentrum noch eine Hauptschule an.<\/p>\n<p><img loading=\"lazy\" decoding=\"async\" class=\"aligncenter wp-image-209\" src=\"https:\/\/www.grundschule-herkenrath.de\/hp\/wp-content\/uploads\/2015\/10\/Gymnasium-Realschule-Herkenrath-580x389.jpg\" alt=\"GGS Gymnasium-Realschule Herkenrath\" width=\"480\" height=\"322\" srcset=\"https:\/\/www.grundschule-herkenrath.de\/hp\/wp-content\/uploads\/2015\/10\/Gymnasium-Realschule-Herkenrath-580x389.jpg 580w, https:\/\/www.grundschule-herkenrath.de\/hp\/wp-content\/uploads\/2015\/10\/Gymnasium-Realschule-Herkenrath-940x631.jpg 940w, https:\/\/www.grundschule-herkenrath.de\/hp\/wp-content\/uploads\/2015\/10\/Gymnasium-Realschule-Herkenrath-624x419.jpg 624w\" sizes=\"auto, (max-width: 480px) 100vw, 480px\" \/><\/p>\n<p>Diese beiden Bilder zeigen die Grundschule<\/p>\n<p><a href=\"https:\/\/www.grundschule-herkenrath.de\/hp\/wp-content\/uploads\/2015\/11\/Grundschule-IV-Small.jpg\"><img loading=\"lazy\" decoding=\"async\" class=\"wp-image-259 aligncenter\" src=\"https:\/\/www.grundschule-herkenrath.de\/hp\/wp-content\/uploads\/2015\/11\/Grundschule-IV-Small-580x387.jpg\" alt=\"Grundschule I\" width=\"480\" height=\"320\" srcset=\"https:\/\/www.grundschule-herkenrath.de\/hp\/wp-content\/uploads\/2015\/11\/Grundschule-IV-Small-580x387.jpg 580w, https:\/\/www.grundschule-herkenrath.de\/hp\/wp-content\/uploads\/2015\/11\/Grundschule-IV-Small-624x416.jpg 624w, https:\/\/www.grundschule-herkenrath.de\/hp\/wp-content\/uploads\/2015\/11\/Grundschule-IV-Small.jpg 720w\" sizes=\"auto, (max-width: 480px) 100vw, 480px\" \/><\/a><\/p>\n<p><a href=\"https:\/\/www.grundschule-herkenrath.de\/hp\/wp-content\/uploads\/2015\/11\/Grundschule-I-Small.jpg\"><img loading=\"lazy\" decoding=\"async\" class=\"wp-image-256 aligncenter\" src=\"https:\/\/www.grundschule-herkenrath.de\/hp\/wp-content\/uploads\/2015\/11\/Grundschule-I-Small-580x387.jpg\" alt=\"Grundschule II\" width=\"480\" height=\"321\" srcset=\"https:\/\/www.grundschule-herkenrath.de\/hp\/wp-content\/uploads\/2015\/11\/Grundschule-I-Small-580x387.jpg 580w, https:\/\/www.grundschule-herkenrath.de\/hp\/wp-content\/uploads\/2015\/11\/Grundschule-I-Small-624x416.jpg 624w, https:\/\/www.grundschule-herkenrath.de\/hp\/wp-content\/uploads\/2015\/11\/Grundschule-I-Small.jpg 720w\" sizes=\"auto, (max-width: 480px) 100vw, 480px\" \/><\/a><\/p>\n<p>Auch wenn die 3 Schulen v\u00f6llig selbstst\u00e4ndig arbeiten, wird von ihnen die 3-fach Turnhalle mit Zuschauertrib\u00fcne und einer Gymnastikhalle gemeinsam f\u00fcr den Sportunterricht und das au\u00dferunterrichtliche Angebot (OGS) genutzt. Nach Schulschluss wird die Turnhalle durch den Herkenrather Turnverein sowie den TTC B\u00e4rbroich (Tischtennis) belegt. Zurzeit wird die Turnhalle komplett saniert, sodass sie f\u00fcr den Sportbetrieb momentan nicht zur Verf\u00fcgung steht. Um den Sportunterricht sicher stellen zu k\u00f6nnen, absolvieren alle 3 Schulen ihren Sportunterricht in Hallen benachbarter Schulen.<\/p>\n<p>Dem Schulzentrum Herkenrath steht noch eine weitere Turnhalle mit angrenzendem Sportplatz (500 m) zur Verf\u00fcgung. Dieser wird nicht nur f\u00fcr den Sportunterricht, sondern auch zur Vorbereitung und Durchf\u00fchrung von Sportfesten genutzt.<\/p>\n<p><img loading=\"lazy\" decoding=\"async\" class=\"aligncenter wp-image-249\" src=\"https:\/\/www.grundschule-herkenrath.de\/hp\/wp-content\/uploads\/2015\/11\/alte-Turnhalle-Small-580x387.jpg\" alt=\"alte Halle\" width=\"480\" height=\"320\" srcset=\"https:\/\/www.grundschule-herkenrath.de\/hp\/wp-content\/uploads\/2015\/11\/alte-Turnhalle-Small-580x387.jpg 580w, https:\/\/www.grundschule-herkenrath.de\/hp\/wp-content\/uploads\/2015\/11\/alte-Turnhalle-Small-624x416.jpg 624w, https:\/\/www.grundschule-herkenrath.de\/hp\/wp-content\/uploads\/2015\/11\/alte-Turnhalle-Small.jpg 720w\" sizes=\"auto, (max-width: 480px) 100vw, 480px\" \/><\/p>\n<p>Der Sportplatz ist vor wenigen Jahren komplett saniert wurden. Die Schulgemeinde Herkenrath freut sich mit den Sportvereinen \u00fcber einen Kunstrasenplatz sowie eine neue Tartanbahn.<\/p>\n<p><a href=\"https:\/\/www.grundschule-herkenrath.de\/hp\/wp-content\/uploads\/2015\/11\/Sportplatz-Small.jpg\"><img loading=\"lazy\" decoding=\"async\" class=\"wp-image-261 aligncenter\" src=\"https:\/\/www.grundschule-herkenrath.de\/hp\/wp-content\/uploads\/2015\/11\/Sportplatz-Small-580x387.jpg\" alt=\"Sportplatz\" width=\"499\" height=\"333\" srcset=\"https:\/\/www.grundschule-herkenrath.de\/hp\/wp-content\/uploads\/2015\/11\/Sportplatz-Small-580x387.jpg 580w, https:\/\/www.grundschule-herkenrath.de\/hp\/wp-content\/uploads\/2015\/11\/Sportplatz-Small-624x416.jpg 624w, https:\/\/www.grundschule-herkenrath.de\/hp\/wp-content\/uploads\/2015\/11\/Sportplatz-Small.jpg 720w\" sizes=\"auto, (max-width: 499px) 100vw, 499px\" \/><\/a><\/p>\n<p>&nbsp;<\/p>\n","protected":false},"excerpt":{"rendered":"<p>Aus der Geschichte Herkenraths Herkenrath ist ein Ortsteil der Stadt Bergisch Gladbach. Der Wortteil &#8222;rath&#8220; zeigt an, dass hier vermutlich im 9.\/10. Jahrhundert Waldgebiete gerodet und eine erste Siedlung gegr\u00fcndet wurde. In Herkenrath gibt es eine alte katholische Pfarrkirche aus dem Mittelalter, St. Antonius Abbas, und ein modernes evangelisches Gemeindezentrum mit einem integrierten Gottesdienstraum. Fr\u00fcher [&hellip;]<\/p>\n","protected":false},"author":1,"featured_media":0,"parent":20,"menu_order":0,"comment_status":"closed","ping_status":"closed","template":"","meta":{"footnotes":""},"class_list":["post-210","page","type-page","status-publish","hentry"],"_links":{"self":[{"href":"https:\/\/www.grundschule-herkenrath.de\/hp\/wp-json\/wp\/v2\/pages\/210","targetHints":{"allow":["GET"]}}],"collection":[{"href":"https:\/\/www.grundschule-herkenrath.de\/hp\/wp-json\/wp\/v2\/pages"}],"about":[{"href":"https:\/\/www.grundschule-herkenrath.de\/hp\/wp-json\/wp\/v2\/types\/page"}],"author":[{"embeddable":true,"href":"https:\/\/www.grundschule-herkenrath.de\/hp\/wp-json\/wp\/v2\/users\/1"}],"replies":[{"embeddable":true,"href":"https:\/\/www.grundschule-herkenrath.de\/hp\/wp-json\/wp\/v2\/comments?post=210"}],"version-history":[{"count":9,"href":"https:\/\/www.grundschule-herkenrath.de\/hp\/wp-json\/wp\/v2\/pages\/210\/revisions"}],"predecessor-version":[{"id":621,"href":"https:\/\/www.grundschule-herkenrath.de\/hp\/wp-json\/wp\/v2\/pages\/210\/revisions\/621"}],"up":[{"embeddable":true,"href":"https:\/\/www.grundschule-herkenrath.de\/hp\/wp-json\/wp\/v2\/pages\/20"}],"wp:attachment":[{"href":"https:\/\/www.grundschule-herkenrath.de\/hp\/wp-json\/wp\/v2\/media?parent=210"}],"curies":[{"name":"wp","href":"https:\/\/api.w.org\/{rel}","templated":true}]}}