{"id":2084,"date":"2020-02-02T16:21:10","date_gmt":"2020-02-02T15:21:10","guid":{"rendered":"https:\/\/www.grundschule-herkenrath.de\/hp\/?page_id=2084"},"modified":"2026-05-05T08:07:52","modified_gmt":"2026-05-05T06:07:52","slug":"leitbild-der-schule","status":"publish","type":"page","link":"https:\/\/www.grundschule-herkenrath.de\/hp\/leitbild-der-schule\/","title":{"rendered":"Leitbild der Schule"},"content":{"rendered":"\n<p>Wir m\u00f6chten einen Beitrag leisten, dass unsere Sch\u00fclerinnen und Sch\u00fcler selbstst\u00e4ndig werden, verantwortungsbewusst handeln und demokratische Strukturen sch\u00e4tzen und bewahren lernen.<\/p>\n","protected":false},"excerpt":{"rendered":"<p>Wir m\u00f6chten einen Beitrag leisten, dass unsere Sch\u00fclerinnen und Sch\u00fcler selbstst\u00e4ndig werden, verantwortungsbewusst handeln und demokratische Strukturen sch\u00e4tzen und bewahren lernen.<\/p>\n","protected":false},"author":3,"featured_media":0,"parent":0,"menu_order":0,"comment_status":"closed","ping_status":"closed","template":"","meta":{"footnotes":""},"class_list":["post-2084","page","type-page","status-publish","hentry"],"_links":{"self":[{"href":"https:\/\/www.grundschule-herkenrath.de\/hp\/wp-json\/wp\/v2\/pages\/2084","targetHints":{"allow":["GET"]}}],"collection":[{"href":"https:\/\/www.grundschule-herkenrath.de\/hp\/wp-json\/wp\/v2\/pages"}],"about":[{"href":"https:\/\/www.grundschule-herkenrath.de\/hp\/wp-json\/wp\/v2\/types\/page"}],"author":[{"embeddable":true,"href":"https:\/\/www.grundschule-herkenrath.de\/hp\/wp-json\/wp\/v2\/users\/3"}],"replies":[{"embeddable":true,"href":"https:\/\/www.grundschule-herkenrath.de\/hp\/wp-json\/wp\/v2\/comments?post=2084"}],"version-history":[{"count":3,"href":"https:\/\/www.grundschule-herkenrath.de\/hp\/wp-json\/wp\/v2\/pages\/2084\/revisions"}],"predecessor-version":[{"id":3274,"href":"https:\/\/www.grundschule-herkenrath.de\/hp\/wp-json\/wp\/v2\/pages\/2084\/revisions\/3274"}],"wp:attachment":[{"href":"https:\/\/www.grundschule-herkenrath.de\/hp\/wp-json\/wp\/v2\/media?parent=2084"}],"curies":[{"name":"wp","href":"https:\/\/api.w.org\/{rel}","templated":true}]}}