{"id":2081,"date":"2020-02-02T16:17:48","date_gmt":"2020-02-02T15:17:48","guid":{"rendered":"https:\/\/www.grundschule-herkenrath.de\/hp\/?page_id=2081"},"modified":"2020-02-02T16:17:48","modified_gmt":"2020-02-02T15:17:48","slug":"schulordnung","status":"publish","type":"page","link":"https:\/\/www.grundschule-herkenrath.de\/hp\/schulordnung\/","title":{"rendered":"Schulordnung"},"content":{"rendered":"\n<p>Um ein geregeltes Zusammenleben an unserer Schule zu gew\u00e4hrleisten, haben wir f\u00fcr die Sch\u00fclerinnen und Sch\u00fcler unserer Schule eine einheitliche Schulordnung entwickelt und verbindlich f\u00fcr alle Klassen festgelegt. Den Kindern wird damit auch vermittelt, dass Regelverst\u00f6\u00dfe Konsequenzen haben.<\/p>\n<p><strong><u>Schulordnung der GGS Herkenrath<\/u><\/strong><\/p>\n<p>Damit das Lernen und Zusammenleben in unserer gro\u00dfen Gemeinschaft gelingt, m\u00f6chten wir alle gerne in unsere Schule kommen und uns hier wohl f\u00fchlen. Kinder f\u00fchlen sich in einem geordneten und verl\u00e4sslichen Tagesablauf besonders wohl. Dies kann aber nur gelingen, wenn wir alle, auch die Kinder, Verantwortung \u00fcbernehmen und Regeln beachten. Das Leitmotiv f\u00fcr unsere Schule ist: <em>\u201eAllen eine sch\u00f6ne Zeit mit Respekt, Ordnung und Sicherheit\u201c. <\/em>Unsere erarbeiteten Regeln, die sowohl im Sch\u00fclerparlament als auch in allen Klassen intensiv besprochen wurden, helfen uns, dieses Leitmotiv umzusetzen.<\/p>\n<p><strong>\u00a0<\/strong><strong>Allgemeine Verhaltensregeln<\/strong><\/p>\n<ul>\n<li>Wir gr\u00fc\u00dfen h\u00f6flich.<\/li>\n<li>Wir gehen sorgf\u00e4ltig mit eigenen und fremden Sachen um.<\/li>\n<li>Wir lassen unsere Spielsachen zu Hause.<\/li>\n<li>Wir klopfen vor dem Betreten fremder R\u00e4ume an.<\/li>\n<li>Wir streiten uns nur mit Worten, aber ohne Schimpfw\u00f6rter.<\/li>\n<li>Wir helfen uns gegenseitig.<\/li>\n<li>Wir holen uns Hilfe, wenn es n\u00f6tig ist.<\/li>\n<li>Wir sind ehrlich.<\/li>\n<li>Wir halten unsere Schule sauber.<\/li>\n<\/ul>\n<p><strong>Verhalten im Schulgeb\u00e4ude<\/strong><\/p>\n<ul>\n<li>Wir gehen z\u00fcgig nach dem Pausenzeichen auf den Schulhof.<\/li>\n<li>Wir gehen langsam und leise.<\/li>\n<li>Wir reden leise, wenn wir uns etwas mitteilen m\u00f6chten.<\/li>\n<li>Wir hinterlassen die Toiletten sauber und verlassen sie direkt.<\/li>\n<li>Die Buskinder treffen sich auf dem vereinbarten Platz.<\/li>\n<li>Jede Klasse achtet darauf, dass alle Buskinder einer Klasse da sind.<\/li>\n<\/ul>\n<p><strong>\u00a0<\/strong><strong>Verhalten auf dem Schulhof<\/strong>.<\/p>\n<ul>\n<li>Wir verbringen die Pausen auf dem Schulhof.<\/li>\n<li>Wir bleiben auf dem Schulgel\u00e4nde.<\/li>\n<li>Wir achten darauf, dass sich kein Kind verletzt.<\/li>\n<li>Wir achten auf die ausgeliehenen Spielger\u00e4te und bringen sie auch wieder zur\u00fcck.<\/li>\n<li>Wir spielen nur mit Softb\u00e4llen und von der Schule genehmigten B\u00e4llen.<\/li>\n<li>Wir verhalten uns so, dass jeder die Pause genie\u00dfen kann.<\/li>\n<li>Wir verwenden die Stopp-Regel.<\/li>\n<li>Wir sprechen bei Schwierigkeiten die Aufsicht an.<\/li>\n<li>Wir besch\u00e4ftigen uns in der Regenpause im Klassenraum.<\/li>\n<li>Wir achten auf die Tier- und Pflanzenwelt.<\/li>\n<\/ul>\n<p><strong>Verhalten im Bus<\/strong><\/p>\n<ul>\n<li>Wir suchen uns sofort einen Sitzplatz und bleiben dort w\u00e4hrend der Fahrt sitzen.<\/li>\n<li>Wir unterhalten uns leise im Bus.<\/li>\n<li>Wir stehen erst von unserem Sitzplatz auf, wenn der Bus steht.<\/li>\n<li>Wir steigen langsam ein und aus und warten geduldig, bis wir an der Reihe sind.<\/li>\n<\/ul>\n<p>Wir halten in der Klasse die Klassenregeln ein!<\/p>\n","protected":false},"excerpt":{"rendered":"<p>Um ein geregeltes Zusammenleben an unserer Schule zu gew\u00e4hrleisten, haben wir f\u00fcr die Sch\u00fclerinnen und Sch\u00fcler unserer Schule eine einheitliche Schulordnung entwickelt und verbindlich f\u00fcr alle Klassen festgelegt. Den Kindern wird damit auch vermittelt, dass Regelverst\u00f6\u00dfe Konsequenzen haben. Schulordnung der GGS Herkenrath Damit das Lernen und Zusammenleben in unserer gro\u00dfen Gemeinschaft gelingt, m\u00f6chten wir alle [&hellip;]<\/p>\n","protected":false},"author":3,"featured_media":0,"parent":0,"menu_order":0,"comment_status":"closed","ping_status":"closed","template":"","meta":{"footnotes":""},"class_list":["post-2081","page","type-page","status-publish","hentry"],"_links":{"self":[{"href":"https:\/\/www.grundschule-herkenrath.de\/hp\/wp-json\/wp\/v2\/pages\/2081","targetHints":{"allow":["GET"]}}],"collection":[{"href":"https:\/\/www.grundschule-herkenrath.de\/hp\/wp-json\/wp\/v2\/pages"}],"about":[{"href":"https:\/\/www.grundschule-herkenrath.de\/hp\/wp-json\/wp\/v2\/types\/page"}],"author":[{"embeddable":true,"href":"https:\/\/www.grundschule-herkenrath.de\/hp\/wp-json\/wp\/v2\/users\/3"}],"replies":[{"embeddable":true,"href":"https:\/\/www.grundschule-herkenrath.de\/hp\/wp-json\/wp\/v2\/comments?post=2081"}],"version-history":[{"count":1,"href":"https:\/\/www.grundschule-herkenrath.de\/hp\/wp-json\/wp\/v2\/pages\/2081\/revisions"}],"predecessor-version":[{"id":2082,"href":"https:\/\/www.grundschule-herkenrath.de\/hp\/wp-json\/wp\/v2\/pages\/2081\/revisions\/2082"}],"wp:attachment":[{"href":"https:\/\/www.grundschule-herkenrath.de\/hp\/wp-json\/wp\/v2\/media?parent=2081"}],"curies":[{"name":"wp","href":"https:\/\/api.w.org\/{rel}","templated":true}]}}