{"id":1972,"date":"2019-08-27T12:55:01","date_gmt":"2019-08-27T10:55:01","guid":{"rendered":"https:\/\/www.grundschule-herkenrath.de\/hp\/?page_id=1972"},"modified":"2026-05-05T08:49:05","modified_gmt":"2026-05-05T06:49:05","slug":"verkauf","status":"publish","type":"page","link":"https:\/\/www.grundschule-herkenrath.de\/hp\/foerderverein\/verkauf\/","title":{"rendered":"Verkauf"},"content":{"rendered":"\n<p>\u00dcber den F\u00f6rderverein haben Sie die M\u00f6glichkeit ein Schul-T-Shirt zu kaufen. Bei Interesse schreiben Sie uns eine E-Mail. Der Erl\u00f6s kommt dann wieder unseren Kindern zugute! Vielen Dank!<\/p>\n<ul>\n<li>\n<h6>Schul-T-Shirt f\u00fcr <strong>12\u20ac<\/strong> in folgenden Gr\u00f6\u00dfen erh\u00e4ltlich:<\/h6>\n<\/li>\n<\/ul>\n<p style=\"text-align: center;\">122\/128, 134\/146 und 152\/164\u00a0\u00a0\u00a0\u00a0\u00a0\u00a0\u00a0 \u00a0\u00a0\u00a0\u00a0\u00a0\u00a0\u00a0\u00a0\u00a0\u00a0\u00a0\u00a0\u00a0\u00a0\u00a0\u00a0\u00a0\u00a0\u00a0\u00a0\u00a0\u00a0\u00a0\u00a0\u00a0\u00a0\u00a0\u00a0\u00a0\u00a0\u00a0\u00a0\u00a0\u00a0 \u00a0 \u00a0 \u00a0 \u00a0 \u00a0 \u00a0 \u00a0 \u00a0<\/p>\n","protected":false},"excerpt":{"rendered":"<p>\u00dcber den F\u00f6rderverein haben Sie die M\u00f6glichkeit ein Schul-T-Shirt zu kaufen. Bei Interesse schreiben Sie uns eine E-Mail. Der Erl\u00f6s kommt dann wieder unseren Kindern zugute! Vielen Dank! Schul-T-Shirt f\u00fcr 12\u20ac in folgenden Gr\u00f6\u00dfen erh\u00e4ltlich: 122\/128, 134\/146 und 152\/164\u00a0\u00a0\u00a0\u00a0\u00a0\u00a0\u00a0 \u00a0\u00a0\u00a0\u00a0\u00a0\u00a0\u00a0\u00a0\u00a0\u00a0\u00a0\u00a0\u00a0\u00a0\u00a0\u00a0\u00a0\u00a0\u00a0\u00a0\u00a0\u00a0\u00a0\u00a0\u00a0\u00a0\u00a0\u00a0\u00a0\u00a0\u00a0\u00a0\u00a0\u00a0 \u00a0 \u00a0 \u00a0 \u00a0 \u00a0 \u00a0 \u00a0 \u00a0<\/p>\n","protected":false},"author":3,"featured_media":0,"parent":127,"menu_order":0,"comment_status":"closed","ping_status":"closed","template":"","meta":{"footnotes":""},"class_list":["post-1972","page","type-page","status-publish","hentry"],"_links":{"self":[{"href":"https:\/\/www.grundschule-herkenrath.de\/hp\/wp-json\/wp\/v2\/pages\/1972","targetHints":{"allow":["GET"]}}],"collection":[{"href":"https:\/\/www.grundschule-herkenrath.de\/hp\/wp-json\/wp\/v2\/pages"}],"about":[{"href":"https:\/\/www.grundschule-herkenrath.de\/hp\/wp-json\/wp\/v2\/types\/page"}],"author":[{"embeddable":true,"href":"https:\/\/www.grundschule-herkenrath.de\/hp\/wp-json\/wp\/v2\/users\/3"}],"replies":[{"embeddable":true,"href":"https:\/\/www.grundschule-herkenrath.de\/hp\/wp-json\/wp\/v2\/comments?post=1972"}],"version-history":[{"count":7,"href":"https:\/\/www.grundschule-herkenrath.de\/hp\/wp-json\/wp\/v2\/pages\/1972\/revisions"}],"predecessor-version":[{"id":3282,"href":"https:\/\/www.grundschule-herkenrath.de\/hp\/wp-json\/wp\/v2\/pages\/1972\/revisions\/3282"}],"up":[{"embeddable":true,"href":"https:\/\/www.grundschule-herkenrath.de\/hp\/wp-json\/wp\/v2\/pages\/127"}],"wp:attachment":[{"href":"https:\/\/www.grundschule-herkenrath.de\/hp\/wp-json\/wp\/v2\/media?parent=1972"}],"curies":[{"name":"wp","href":"https:\/\/api.w.org\/{rel}","templated":true}]}}