{"id":171,"date":"2015-10-21T16:12:09","date_gmt":"2015-10-21T14:12:09","guid":{"rendered":"http:\/\/www.grundschule-herkenrath.de\/hp\/?page_id=171"},"modified":"2016-06-17T12:16:55","modified_gmt":"2016-06-17T10:16:55","slug":"impressum","status":"publish","type":"page","link":"https:\/\/www.grundschule-herkenrath.de\/hp\/impressum\/","title":{"rendered":"Impressum"},"content":{"rendered":"<p>Schulleitung und V.i.S.d.P.:<br \/>\nFrau B\u00e4rbel Zimmermann<br \/>\nSt. Antonius-Str. 22, 51429 Bergisch Gladbach<br \/>\nTel.: 02204 \/ 83275<br \/>\nE-Mail:\u00a0 info (at) grundschule-herkenrath.de<\/p>\n<p>Schultr\u00e4ger:<br \/>\nStadt Bergisch Gladbach<br \/>\nFB 4 Schule<br \/>\nPostfach 20 09 20<br \/>\n51439 Bergisch Gladbach<br \/>\nTel.: 02202 \/ 14-0<\/p>\n<hr \/>\n<p>Haftungsausschluss<\/p>\n<p>1. Inhalt des Onlineangebotes<br \/>\nDie GGS Herkenrath \u00fcbernimmt keinerlei Gew\u00e4hr f\u00fcr die Aktualit\u00e4t, Korrektheit, Vollst\u00e4ndigkeit oder Qualit\u00e4t der bereitgestellten Informationen. Haftungsanspr\u00fcche gegen die GGS Herkenrath, welche sich auf Sch\u00e4den materieller oder ideeller Art beziehen, die durch die Nutzung oder Nichtnutzung der dargebotenen Informationen bzw. durch die Nutzung fehlerhafter und unvollst\u00e4ndiger Informationen verursacht wurden, sind grunds\u00e4tzlich ausgeschlossen, sofern seitens der GGS Herkenrath kein nachweislich vors\u00e4tzliches oder grob fahrl\u00e4ssiges Verschulden vorliegt. Alle Angebote sind freibleibend und unverbindlich. Die GGS Herkenrath beh\u00e4lt es sich ausdr\u00fccklich vor, Teile der Seiten oder das gesamte Angebot ohne gesonderte Ank\u00fcndigung zu ver\u00e4ndern, zu erg\u00e4nzen, zu l\u00f6schen oder die Ver\u00f6ffentlichung zeitweise oder endg\u00fcltig einzustellen.<\/p>\n<p>2. Verweise und Links<br \/>\nBei direkten oder indirekten Verweisen auf fremde Webseiten (&#8222;Hyperlinks&#8220;), die au\u00dferhalb des Verantwortungsbereiches der GGS Herkenrath liegen, w\u00fcrde eine Haftungsverpflichtung ausschlie\u00dflich in dem Fall in Kraft treten, in dem die GGS Herkenrath von den Inhalten Kenntnis hat und es ihr technisch m\u00f6glich und zumutbar w\u00e4re, die Nutzung im Falle rechtswidriger Inhalte zu verhindern. Die GGS Herkenrath erkl\u00e4rt hiermit ausdr\u00fccklich, dass zum Zeitpunkt der Linksetzung keine illegalen Inhalte auf den zu verlinkenden Seiten erkennbar waren. Auf die aktuelle und zuk\u00fcnftige Gestaltung, die Inhalte oder die Urheberschaft der verlinkten\/verkn\u00fcpften Seiten hat die GGS Herkenrath keinerlei Einfluss. Deshalb distanziert sie sich hiermit ausdr\u00fccklich von allen Inhalten aller verlinkten \/verkn\u00fcpften Seiten, die nach der Linksetzung ver\u00e4ndert wurden. Diese Feststellung gilt f\u00fcr alle innerhalb des eigenen Internetangebotes gesetzten Links und Verweise sowie f\u00fcr Fremdeintr\u00e4ge in von der GGS Herkenrath eingerichteten G\u00e4steb\u00fcchern, Diskussionsforen, Linkverzeichnissen, Mailinglisten und in allen anderen Formen von Datenbanken, auf deren Inhalt externe Schreibzugriffe m\u00f6glich sind. F\u00fcr illegale, fehlerhafte oder unvollst\u00e4ndige Inhalte und insbesondere f\u00fcr Sch\u00e4den, die aus der Nutzung oder Nichtnutzung solcherart dargebotener Informationen entstehen, haftet allein der Anbieter der Seite, auf welche verwiesen wurde, nicht derjenige, der \u00fcber Links auf die jeweilige Ver\u00f6ffentlichung lediglich verweist.<\/p>\n<p>3. Urheber- und Kennzeichenrecht<br \/>\nDie GGS Herkenrath ist bestrebt, in allen Publikationen die Urheberrechte der verwendeten Bilder, Grafiken, Tondokumente, Videosequenzen und Texte zu beachten, von ihr selbst erstellte Bilder, Grafiken, Tondokumente, Videosequenzen und Texte zu nutzen oder auf lizenzfreie Grafiken, Tondokumente, Videosequenzen und Texte zur\u00fcckzugreifen. Alle innerhalb des Internetangebotes genannten und ggf. durch Dritte gesch\u00fctzten Marken- und Warenzeichen unterliegen uneingeschr\u00e4nkt den Bestimmungen des jeweils g\u00fcltigen Kennzeichenrechts und den Besitzrechten der jeweiligen eingetragenen Eigent\u00fcmer. Allein aufgrund der blo\u00dfen Nennung ist nicht der Schluss zu ziehen, dass Markenzeichen nicht durch Rechte Dritter gesch\u00fctzt sind! Das Copyright f\u00fcr ver\u00f6ffentlichte, von der GGS Herkenrath selbst erstellte Objekte bleibt allein bei der GGS Herkenrath Eine Vervielf\u00e4ltigung oder Verwendung solcher Grafiken, Tondokumente, Videosequenzen und Texte in anderen elektronischen oder gedruckten Publikationen ist ohne ausdr\u00fcckliche Zustimmung der GGS Herkenrath nicht gestattet.<\/p>\n<p>4. Datenschutz<br \/>\nSofern innerhalb des Internetangebotes die M\u00f6glichkeit zur Eingabe pers\u00f6nlicher oder gesch\u00e4ftlicher Daten (Emailadressen, Namen, Anschriften) besteht, so erfolgt die Preisgabe dieser Daten seitens des Nutzers auf ausdr\u00fccklich freiwilliger Basis. Die Inanspruchnahme und Bezahlung aller angebotenen Dienste ist &#8211; soweit technisch m\u00f6glich und zumutbar &#8211; auch ohne Angabe solcher Daten bzw. unter Angabe anonymisierter Daten oder eines Pseudonyms gestattet. Die Nutzung der im Rahmen des Impressums oder vergleichbarer Angaben ver\u00f6ffentlichten Kontaktdaten wie Postanschriften, Telefon- und Faxnummern sowie Emailadressen durch Dritte zur \u00dcbersendung von nicht ausdr\u00fccklich angeforderten Informationen ist nicht gestattet. Rechtliche Schritte gegen die Versender von sogenannten Spam-Mails bei Verst\u00f6ssen gegen dieses Verbot sind ausdr\u00fccklich vorbehalten.<\/p>\n<p>Sollten Fotos oder \u00e4hnliches unerlaubterweise auf dieser Seite ver\u00f6ffentlicht sein, bitten wir dies zu entschuldigen. Bitte setzen Sie sich in diesem Fall mit der Schulleitung in Verbindung. Die Bilder werden dann unverz\u00fcglich von unserer Homepage entfernt.<\/p>\n<hr \/>\n<p>Bildnachweis f\u00fcr Lizenzpflichtige Bilder:<br \/>\nQuellenangaben f\u00fcr die verwendeten Bilder und Grafiken<\/p>\n<ul>\n<li>Hintergrundbild<br \/>\nFotolia \/ Datei: #34650614 | Urheber: <a title=\"Das komplette Portfolio von Tanja ansehen\" href=\"https:\/\/de.fotolia.com\/p\/201568032\">Tanja<\/a><\/li>\n<li>Danksagung F\u00f6rderverein<br \/>\nFotolia \/ Kinderzeichnung &#8211; Danke Datei: #91858763 | Urheber: <a title=\"Das komplette Portfolio von motorradcbr ansehen\" href=\"https:\/\/de.fotolia.com\/p\/202512135\">motorradcbr<\/a><\/p>\n<p class=\"h-strong content-title truncate\">Fotolia \/ Kinderschrift Danke Datei: #93144537 | Urheber: <a title=\"Das komplette Portfolio von guukaa ansehen\" href=\"https:\/\/de.fotolia.com\/p\/200581371\">guukaa<\/a><\/p>\n<\/li>\n<\/ul>\n<p>&nbsp;<\/p>\n<p>&nbsp;<\/p>\n","protected":false},"excerpt":{"rendered":"<p>Schulleitung und V.i.S.d.P.: Frau B\u00e4rbel Zimmermann St. Antonius-Str. 22, 51429 Bergisch Gladbach Tel.: 02204 \/ 83275 E-Mail:\u00a0 info (at) grundschule-herkenrath.de Schultr\u00e4ger: Stadt Bergisch Gladbach FB 4 Schule Postfach 20 09 20 51439 Bergisch Gladbach Tel.: 02202 \/ 14-0 Haftungsausschluss 1. Inhalt des Onlineangebotes Die GGS Herkenrath \u00fcbernimmt keinerlei Gew\u00e4hr f\u00fcr die Aktualit\u00e4t, Korrektheit, Vollst\u00e4ndigkeit oder [&hellip;]<\/p>\n","protected":false},"author":1,"featured_media":0,"parent":0,"menu_order":0,"comment_status":"closed","ping_status":"closed","template":"","meta":{"footnotes":""},"class_list":["post-171","page","type-page","status-publish","hentry"],"_links":{"self":[{"href":"https:\/\/www.grundschule-herkenrath.de\/hp\/wp-json\/wp\/v2\/pages\/171","targetHints":{"allow":["GET"]}}],"collection":[{"href":"https:\/\/www.grundschule-herkenrath.de\/hp\/wp-json\/wp\/v2\/pages"}],"about":[{"href":"https:\/\/www.grundschule-herkenrath.de\/hp\/wp-json\/wp\/v2\/types\/page"}],"author":[{"embeddable":true,"href":"https:\/\/www.grundschule-herkenrath.de\/hp\/wp-json\/wp\/v2\/users\/1"}],"replies":[{"embeddable":true,"href":"https:\/\/www.grundschule-herkenrath.de\/hp\/wp-json\/wp\/v2\/comments?post=171"}],"version-history":[{"count":7,"href":"https:\/\/www.grundschule-herkenrath.de\/hp\/wp-json\/wp\/v2\/pages\/171\/revisions"}],"predecessor-version":[{"id":874,"href":"https:\/\/www.grundschule-herkenrath.de\/hp\/wp-json\/wp\/v2\/pages\/171\/revisions\/874"}],"wp:attachment":[{"href":"https:\/\/www.grundschule-herkenrath.de\/hp\/wp-json\/wp\/v2\/media?parent=171"}],"curies":[{"name":"wp","href":"https:\/\/api.w.org\/{rel}","templated":true}]}}