{"id":150,"date":"2015-10-21T15:55:44","date_gmt":"2015-10-21T13:55:44","guid":{"rendered":"http:\/\/www.grundschule-herkenrath.de\/hp\/?page_id=150"},"modified":"2019-03-10T11:43:57","modified_gmt":"2019-03-10T10:43:57","slug":"vorstand-2","status":"publish","type":"page","link":"https:\/\/www.grundschule-herkenrath.de\/hp\/foerderverein\/vorstand-2\/","title":{"rendered":"\u00dcber uns"},"content":{"rendered":"<p><em>Liebe Eltern und liebe G\u00e4ste unserer Schule!<\/em><\/p>\n<p>Wir begr\u00fc\u00dfen Sie herzlich auf der Homepage des F\u00f6rdervereins der Gemeinschaftsgrundschule Herkenrath und m\u00f6chten Ihnen die Notwendigkeit unserer\u00a0 Arbeit vorstellen, da auch unser Bildungssystem unter den leeren \u00f6ffentlichen Kassen leidet.<\/p>\n<p><img loading=\"lazy\" decoding=\"async\" class=\"wp-image-673 alignright\" src=\"https:\/\/www.grundschule-herkenrath.de\/hp\/wp-content\/uploads\/2015\/10\/FV-Sparschwein-580x413.jpg\" alt=\"\" width=\"245\" height=\"174\" srcset=\"https:\/\/www.grundschule-herkenrath.de\/hp\/wp-content\/uploads\/2015\/10\/FV-Sparschwein-580x413.jpg 580w, https:\/\/www.grundschule-herkenrath.de\/hp\/wp-content\/uploads\/2015\/10\/FV-Sparschwein.jpg 600w\" sizes=\"auto, (max-width: 245px) 100vw, 245px\" \/><\/p>\n<p>Der F\u00f6rderverein der GGS Herkenrath wurde 1992 von Eltern gegr\u00fcndet und ist ein gemeinn\u00fctzig anerkannter und eingetragener Verein.<\/p>\n<p>Wir haben es uns zur Aufgabe gemacht, die Grundschule dort unb\u00fcrokratisch und schnell zu unterst\u00fctzen, wo Hilfe aus anderen Mitteln nicht zur Verf\u00fcgung steht. Dazu geh\u00f6rt:<\/p>\n<ol>\n<li><strong> Bereitstellung von Finanzmitteln:<\/strong><\/li>\n<\/ol>\n<ul>\n<li>zur Anschaffung zus\u00e4tzlicher Lernmaterialien, B\u00fccher, Spiel- und Sportger\u00e4te, Instrumente&#8230;<\/li>\n<li>zur F\u00f6rderung kultureller, p\u00e4dagogischer und k\u00fcnstlerischer Projekte.<\/li>\n<li>um die Innen- und Au\u00dfengestaltung der Schule zu verbessern.<\/li>\n<\/ul>\n<ol start=\"2\">\n<li><strong> Durchf\u00fchrung\/Unterst\u00fctzung von Schulfesten<\/strong><\/li>\n<\/ol>\n<p>Finanziert werden diese Ma\u00dfnahmen \u00fcber Mitgliedsbeitr\u00e4ge, Spenden und Erl\u00f6se aus durchgef\u00fchrten Veranstaltungen. Um eine kontinuierliche Arbeit zu gew\u00e4hrleisten, sind wir auf regelm\u00e4\u00dfige Beitr\u00e4ge angewiesen.<\/p>\n<p><strong>Unsere Ziele sind<\/strong>:<\/p>\n<ul>\n<li>F\u00fcr unsere Kinder die Lernbedingungen zu verbessern.<\/li>\n<li>Schule als Lebensraum mitzugestalten und weiterzuentwickeln.<\/li>\n<li>Gemeinsame Veranstaltungen finanziell zu erm\u00f6glichen.<\/li>\n<li>Die Gemeinschaft von Sch\u00fclern, Eltern und Lehrern zu st\u00e4rken.<\/li>\n<\/ul>\n<p>Damit wir diese Ziele zu erreichen, brauchen wir Sie als Mitglied unseres F\u00f6rdervereins, da die \u00f6ffentlichen Mittel nicht ausreichen! Der Mindestbeitrag f\u00fcr Familien betr\u00e4gt nur <strong>12,00 \u20ac pro Jahr. <\/strong>\u00a0Das Geld kommt zu 100% unseren Kindern zugute, da alle im Verein ehrenamtlich t\u00e4tig sind.<\/p>\n<p>Wenn Ihnen die Bildung und F\u00f6rderung unserer Kinder genauso am Herzen liegt, unterst\u00fctzen Sie uns durch Ihre Mitgliedschaft oder durch Spenden. Vielen Dank!<\/p>\n<p>Beitrittserkl\u00e4rungen erhalten Sie im Sekretariat der Grundschule oder als <a href=\"https:\/\/www.grundschule-herkenrath.de\/hp\/wp-content\/uploads\/2018\/07\/FV_Beitrittserkl%C3%A4rung-DSGVO.pdf\" target=\"_blank\" rel=\"noopener\">Download<\/a>.<\/p>\n","protected":false},"excerpt":{"rendered":"<p>Liebe Eltern und liebe G\u00e4ste unserer Schule! Wir begr\u00fc\u00dfen Sie herzlich auf der Homepage des F\u00f6rdervereins der Gemeinschaftsgrundschule Herkenrath und m\u00f6chten Ihnen die Notwendigkeit unserer\u00a0 Arbeit vorstellen, da auch unser Bildungssystem unter den leeren \u00f6ffentlichen Kassen leidet. Der F\u00f6rderverein der GGS Herkenrath wurde 1992 von Eltern gegr\u00fcndet und ist ein gemeinn\u00fctzig anerkannter und eingetragener Verein. [&hellip;]<\/p>\n","protected":false},"author":1,"featured_media":0,"parent":127,"menu_order":0,"comment_status":"closed","ping_status":"closed","template":"","meta":{"footnotes":""},"class_list":["post-150","page","type-page","status-publish","hentry"],"_links":{"self":[{"href":"https:\/\/www.grundschule-herkenrath.de\/hp\/wp-json\/wp\/v2\/pages\/150","targetHints":{"allow":["GET"]}}],"collection":[{"href":"https:\/\/www.grundschule-herkenrath.de\/hp\/wp-json\/wp\/v2\/pages"}],"about":[{"href":"https:\/\/www.grundschule-herkenrath.de\/hp\/wp-json\/wp\/v2\/types\/page"}],"author":[{"embeddable":true,"href":"https:\/\/www.grundschule-herkenrath.de\/hp\/wp-json\/wp\/v2\/users\/1"}],"replies":[{"embeddable":true,"href":"https:\/\/www.grundschule-herkenrath.de\/hp\/wp-json\/wp\/v2\/comments?post=150"}],"version-history":[{"count":14,"href":"https:\/\/www.grundschule-herkenrath.de\/hp\/wp-json\/wp\/v2\/pages\/150\/revisions"}],"predecessor-version":[{"id":1880,"href":"https:\/\/www.grundschule-herkenrath.de\/hp\/wp-json\/wp\/v2\/pages\/150\/revisions\/1880"}],"up":[{"embeddable":true,"href":"https:\/\/www.grundschule-herkenrath.de\/hp\/wp-json\/wp\/v2\/pages\/127"}],"wp:attachment":[{"href":"https:\/\/www.grundschule-herkenrath.de\/hp\/wp-json\/wp\/v2\/media?parent=150"}],"curies":[{"name":"wp","href":"https:\/\/api.w.org\/{rel}","templated":true}]}}