{"id":142,"date":"2015-10-21T15:44:00","date_gmt":"2015-10-21T13:44:00","guid":{"rendered":"http:\/\/www.grundschule-herkenrath.de\/hp\/?page_id=142"},"modified":"2020-04-23T07:01:43","modified_gmt":"2020-04-23T05:01:43","slug":"gefoerderte-projekte","status":"publish","type":"page","link":"https:\/\/www.grundschule-herkenrath.de\/hp\/foerderverein\/gefoerderte-projekte\/","title":{"rendered":"Investitionen"},"content":{"rendered":"<ul>\n<li>zwei interaktive Whiteboards f\u00fcr die Klassenzimmer<\/li>\n<li>Outdoor-Basketballkorb f\u00fcr den Schulhof<\/li>\n<li>finanzielle Beteiligung an 1.Hilfe-Kursen f\u00fcr die 3. Klassen<\/li>\n<li>Komplettfinanzierung der Anschaffung von Freiarbeitsmaterial f\u00fcr alle Klassen<\/li>\n<li>Ausstattung der Schulb\u00fccherei mit neuen B\u00fcchern und Mobiliar<\/li>\n<li>Neugestaltung des Schulhofs mit Aufbau einer Boulderwand, eines Baumstamm-Mikados und eines Balltrichters<\/li>\n<li>eine komplett eingerichtete Lehrk\u00fcche<\/li>\n<li>Ausstattung des Computerraums mit aktueller Softwaresysteme<\/li>\n<li>Lernspiele, Rechtschreib- und Lese\u00fcbungsger\u00e4te, Mathematikhilfen<\/li>\n<li>Sport- und Spielger\u00e4te f\u00fcr den Unterricht und die Pause (B\u00e4lle aller Arten, Hockey-Schl\u00e4ger, Fu\u00dfball- und Hockeytore, Pferdchenleinen, Seile, Reifen&#8230;)<\/li>\n<li>Klassenm\u00f6bel wie Tische und St\u00fchle<\/li>\n<li>Ausstattung des Schulchores mit Mikrofonen und T-Shirts<\/li>\n<li>Produktion eigener Schul-CD`s mit Liedern des Chores<\/li>\n<li>Anschaffung von Instrumenten f\u00fcr den Musikunterricht<\/li>\n<li>Schul-T-Shirts f\u00fcr Sportveranstaltungen<\/li>\n<li>finanzielle Beteiligung am Kunstprojekt zur Erstellung des Eingangsschildes an der Schule<\/li>\n<li>finanzielle Beteiligung am p\u00e4dagogischen Projekt \u201ePrima-Klima\u201c f\u00fcr die 2. und 3. Klassen<\/li>\n<li>finanzielle Beteiligung am Musikprojekt \u201eTrommelinio\u201c<\/li>\n<li>finanzielle Beteiligung am Kunstprojekt in Kooperation mit dem Papiermuseum der Alten Dombach<\/li>\n<li>Beteiligung an Kosten f\u00fcr Vorh\u00e4nge im Musik-\/ und Computerraumraum<\/li>\n<li>Anschaffung von Lernmaterialien f\u00fcr den Englischunterricht<\/li>\n<li>Ausstattung der AG &#8222;Lesemaus&#8220; mit T-Shirts und Banner<\/li>\n<\/ul>\n<p><strong>Au\u00dferdem Begleitung und Unterst\u00fctzung von:<\/strong> Einschulungsfeiern, Chorkonzerten, Sommer- und Schulfesten, Laternenausstellungen, Sportfesten, Sponsorenl\u00e4ufen, Teilnahme am Herkenrather Karnevalsumzug&#8230;<\/p>\n","protected":false},"excerpt":{"rendered":"<p>zwei interaktive Whiteboards f\u00fcr die Klassenzimmer Outdoor-Basketballkorb f\u00fcr den Schulhof finanzielle Beteiligung an 1.Hilfe-Kursen f\u00fcr die 3. Klassen Komplettfinanzierung der Anschaffung von Freiarbeitsmaterial f\u00fcr alle Klassen Ausstattung der Schulb\u00fccherei mit neuen B\u00fcchern und Mobiliar Neugestaltung des Schulhofs mit Aufbau einer Boulderwand, eines Baumstamm-Mikados und eines Balltrichters eine komplett eingerichtete Lehrk\u00fcche Ausstattung des Computerraums mit aktueller [&hellip;]<\/p>\n","protected":false},"author":1,"featured_media":0,"parent":127,"menu_order":0,"comment_status":"closed","ping_status":"closed","template":"","meta":{"footnotes":""},"class_list":["post-142","page","type-page","status-publish","hentry"],"_links":{"self":[{"href":"https:\/\/www.grundschule-herkenrath.de\/hp\/wp-json\/wp\/v2\/pages\/142","targetHints":{"allow":["GET"]}}],"collection":[{"href":"https:\/\/www.grundschule-herkenrath.de\/hp\/wp-json\/wp\/v2\/pages"}],"about":[{"href":"https:\/\/www.grundschule-herkenrath.de\/hp\/wp-json\/wp\/v2\/types\/page"}],"author":[{"embeddable":true,"href":"https:\/\/www.grundschule-herkenrath.de\/hp\/wp-json\/wp\/v2\/users\/1"}],"replies":[{"embeddable":true,"href":"https:\/\/www.grundschule-herkenrath.de\/hp\/wp-json\/wp\/v2\/comments?post=142"}],"version-history":[{"count":4,"href":"https:\/\/www.grundschule-herkenrath.de\/hp\/wp-json\/wp\/v2\/pages\/142\/revisions"}],"predecessor-version":[{"id":2222,"href":"https:\/\/www.grundschule-herkenrath.de\/hp\/wp-json\/wp\/v2\/pages\/142\/revisions\/2222"}],"up":[{"embeddable":true,"href":"https:\/\/www.grundschule-herkenrath.de\/hp\/wp-json\/wp\/v2\/pages\/127"}],"wp:attachment":[{"href":"https:\/\/www.grundschule-herkenrath.de\/hp\/wp-json\/wp\/v2\/media?parent=142"}],"curies":[{"name":"wp","href":"https:\/\/api.w.org\/{rel}","templated":true}]}}