{"id":129,"date":"2015-10-21T15:42:40","date_gmt":"2015-10-21T13:42:40","guid":{"rendered":"http:\/\/www.grundschule-herkenrath.de\/hp\/?page_id=129"},"modified":"2019-03-10T12:28:04","modified_gmt":"2019-03-10T11:28:04","slug":"vorstand","status":"publish","type":"page","link":"https:\/\/www.grundschule-herkenrath.de\/hp\/foerderverein\/vorstand\/","title":{"rendered":"Beitrittserkl\u00e4rung\/ DSGVO"},"content":{"rendered":"<p><a href=\"https:\/\/www.grundschule-herkenrath.de\/hp\/wp-content\/uploads\/2019\/03\/FV_Beitrittserklaerung.pdf\" target=\"_blank\" rel=\"noopener\" data-wplink-edit=\"true\">Hier k\u00f6nnen Sie die Beitrittserkl\u00e4rung mit der Datenschutzerkl\u00e4rung (DSGVO) als PDF herunterladen (klicken).<\/a><\/p>\n","protected":false},"excerpt":{"rendered":"<p>Hier k\u00f6nnen Sie die Beitrittserkl\u00e4rung mit der Datenschutzerkl\u00e4rung (DSGVO) als PDF herunterladen (klicken).<\/p>\n","protected":false},"author":1,"featured_media":0,"parent":127,"menu_order":0,"comment_status":"closed","ping_status":"closed","template":"","meta":{"footnotes":""},"class_list":["post-129","page","type-page","status-publish","hentry"],"_links":{"self":[{"href":"https:\/\/www.grundschule-herkenrath.de\/hp\/wp-json\/wp\/v2\/pages\/129","targetHints":{"allow":["GET"]}}],"collection":[{"href":"https:\/\/www.grundschule-herkenrath.de\/hp\/wp-json\/wp\/v2\/pages"}],"about":[{"href":"https:\/\/www.grundschule-herkenrath.de\/hp\/wp-json\/wp\/v2\/types\/page"}],"author":[{"embeddable":true,"href":"https:\/\/www.grundschule-herkenrath.de\/hp\/wp-json\/wp\/v2\/users\/1"}],"replies":[{"embeddable":true,"href":"https:\/\/www.grundschule-herkenrath.de\/hp\/wp-json\/wp\/v2\/comments?post=129"}],"version-history":[{"count":13,"href":"https:\/\/www.grundschule-herkenrath.de\/hp\/wp-json\/wp\/v2\/pages\/129\/revisions"}],"predecessor-version":[{"id":1891,"href":"https:\/\/www.grundschule-herkenrath.de\/hp\/wp-json\/wp\/v2\/pages\/129\/revisions\/1891"}],"up":[{"embeddable":true,"href":"https:\/\/www.grundschule-herkenrath.de\/hp\/wp-json\/wp\/v2\/pages\/127"}],"wp:attachment":[{"href":"https:\/\/www.grundschule-herkenrath.de\/hp\/wp-json\/wp\/v2\/media?parent=129"}],"curies":[{"name":"wp","href":"https:\/\/api.w.org\/{rel}","templated":true}]}}