{"id":104,"date":"2015-10-21T15:36:25","date_gmt":"2015-10-21T13:36:25","guid":{"rendered":"http:\/\/www.grundschule-herkenrath.de\/hp\/?page_id=104"},"modified":"2025-09-08T13:54:50","modified_gmt":"2025-09-08T11:54:50","slug":"programm","status":"publish","type":"page","link":"https:\/\/www.grundschule-herkenrath.de\/hp\/team\/programm\/","title":{"rendered":"Interne Angebote"},"content":{"rendered":"<p>Durch den Wechsel der OGS Tr\u00e4gerschaft von AWO Rhein-Oberberg zu ev-angel-isch gGmbH werden Konzeption und die internen Angebote aktuell \u00fcberarbeitet. Eine \u00fcberarbeite Version folgt schnellstm\u00f6glich.<\/p>\n","protected":false},"excerpt":{"rendered":"<p>Durch den Wechsel der OGS Tr\u00e4gerschaft von AWO Rhein-Oberberg zu ev-angel-isch gGmbH werden Konzeption und die internen Angebote aktuell \u00fcberarbeitet. Eine \u00fcberarbeite Version folgt schnellstm\u00f6glich.<\/p>\n","protected":false},"author":1,"featured_media":0,"parent":13,"menu_order":0,"comment_status":"closed","ping_status":"closed","template":"","meta":{"footnotes":""},"class_list":["post-104","page","type-page","status-publish","hentry"],"_links":{"self":[{"href":"https:\/\/www.grundschule-herkenrath.de\/hp\/wp-json\/wp\/v2\/pages\/104","targetHints":{"allow":["GET"]}}],"collection":[{"href":"https:\/\/www.grundschule-herkenrath.de\/hp\/wp-json\/wp\/v2\/pages"}],"about":[{"href":"https:\/\/www.grundschule-herkenrath.de\/hp\/wp-json\/wp\/v2\/types\/page"}],"author":[{"embeddable":true,"href":"https:\/\/www.grundschule-herkenrath.de\/hp\/wp-json\/wp\/v2\/users\/1"}],"replies":[{"embeddable":true,"href":"https:\/\/www.grundschule-herkenrath.de\/hp\/wp-json\/wp\/v2\/comments?post=104"}],"version-history":[{"count":18,"href":"https:\/\/www.grundschule-herkenrath.de\/hp\/wp-json\/wp\/v2\/pages\/104\/revisions"}],"predecessor-version":[{"id":3206,"href":"https:\/\/www.grundschule-herkenrath.de\/hp\/wp-json\/wp\/v2\/pages\/104\/revisions\/3206"}],"up":[{"embeddable":true,"href":"https:\/\/www.grundschule-herkenrath.de\/hp\/wp-json\/wp\/v2\/pages\/13"}],"wp:attachment":[{"href":"https:\/\/www.grundschule-herkenrath.de\/hp\/wp-json\/wp\/v2\/media?parent=104"}],"curies":[{"name":"wp","href":"https:\/\/api.w.org\/{rel}","templated":true}]}}